{"id":884,"date":"2014-04-06T20:25:17","date_gmt":"2014-04-06T20:25:17","guid":{"rendered":"http:\/\/www.dental-sambunjak.hr\/?page_id=884"},"modified":"2014-04-07T08:53:18","modified_gmt":"2014-04-07T08:53:18","slug":"tecnologia","status":"publish","type":"page","link":"https:\/\/www.dental-sambunjak.hr\/it\/tecnologia\/","title":{"rendered":"Tecnologia"},"content":{"rendered":"<div  class=\"wpb_row vc_row-fluid\" style=\"text-align:left;\">\n\t<div class=\"vc_span12 wpb_column column_container\">\n\t\t<div class=\"wpb_wrapper\">\n\t\t\t<div  class=\"wpb_row vc_row-fluid\" style=\"text-align:left;\">\n\t<div class=\"vc_span6 wpb_column column_container\">\n\t\t<div class=\"wpb_wrapper\">\n\t\t\t<div class=\"wpb_content_element separator  transparent center  \" style=\"margin-top:10px;margin-bottom:10px;\"><\/div>\n\n\t<div class=\"wpb_text_column wpb_content_element \">\n\t\t<div class=\"wpb_wrapper\">\n\t\t\t\n<h3>KODAK<\/h3>\n\n\t\t<\/div> \n\t<\/div> <div class=\"wpb_content_element separator  small left  \" style=\"margin-top:15px;margin-bottom:15px;\"><\/div>\n\n\t<div class=\"wpb_text_column wpb_content_element \">\n\t\t<div class=\"wpb_wrapper\">\n\t\t\t\n<p style=\"font-size: 16px; line-height: 150%;\">La salute dei nostri pazienti per noi \u00e8 sempre al primo posto. Per questo motivo, nel nostro studio usiamo la migliore diagnostica radiografica digitale dell\u2019azienda KODAK riducendo cos\u00ec la quantit\u00e0 di radiazione a soli 10% rispetto alla tecnologia convenzionale.\n\t\t<\/div> \n\t<\/div> \n\t\t<\/div> \n\t<\/div> \n\n\t<div class=\"vc_span6 wpb_column column_container\">\n\t\t<div class=\"wpb_wrapper\">\n\t\t\t\n\t<div class=\"wpb_single_image wpb_content_element\">\n\t\t<div class=\"wpb_wrapper\">\n\t\t\t\n\t\t\t<img src=\"https:\/\/www.dental-sambunjak.hr\/wp-content\/uploads\/2014\/02\/kodak1.jpg\" width=\"550\" height=\"300\" alt=\"kodak\" \/>\n\t\t<\/div> \n\t<\/div> \n\t\t<\/div> \n\t<\/div> \n<\/div><div class=\"wpb_content_element separator  normal center  \" style=\"margin-bottom:0px;\"><\/div>\n<div  class=\"wpb_row vc_row-fluid\" style=\"text-align:left;\">\n\t<div class=\"vc_span6 wpb_column column_container\">\n\t\t<div class=\"wpb_wrapper\">\n\t\t\t\n\t<div class=\"wpb_single_image wpb_content_element\">\n\t\t<div class=\"wpb_wrapper\">\n\t\t\t\n\t\t\t<img src=\"https:\/\/www.dental-sambunjak.hr\/wp-content\/uploads\/2014\/02\/kavo1.jpg\" width=\"550\" height=\"300\" alt=\"kavo\" \/>\n\t\t<\/div> \n\t<\/div> \n\t\t<\/div> \n\t<\/div> \n\n\t<div class=\"vc_span6 wpb_column column_container\">\n\t\t<div class=\"wpb_wrapper\">\n\t\t\t<div class=\"wpb_content_element separator  transparent center  \" style=\"margin-top:10px;margin-bottom:10px;\"><\/div>\n\n\t<div class=\"wpb_text_column wpb_content_element \">\n\t\t<div class=\"wpb_wrapper\">\n\t\t\t\n<h3>KAVO<\/h3>\n\n\t\t<\/div> \n\t<\/div> <div class=\"wpb_content_element separator  small left  \" style=\"margin-top:15px;margin-bottom:15px;\"><\/div>\n\n\t<div class=\"wpb_text_column wpb_content_element \">\n\t\t<div class=\"wpb_wrapper\">\n\t\t\t\n<p style=\"font-size: 16px; line-height: 150%;\">Al fine di fare sentire i nostri pazienti a loro agio e fornire loro il miglior servizio, il nostro ufficio \u00e8 dotato di prodotti KAVO, l&#8217;assoluto numero uno al mondo in arredamento di pratiche dentali con apparecchiature odontoiatriche e manipoli.<\/p>\n\n\t\t<\/div> \n\t<\/div> \n\t\t<\/div> \n\t<\/div> \n<\/div><div class=\"wpb_content_element separator  normal center  \" style=\"margin-bottom:0px;\"><\/div>\n<div  class=\"wpb_row vc_row-fluid\" style=\"text-align:left;\">\n\t<div class=\"vc_span6 wpb_column column_container\">\n\t\t<div class=\"wpb_wrapper\">\n\t\t\t<div class=\"wpb_content_element separator  transparent center  \" style=\"margin-top:10px;margin-bottom:10px;\"><\/div>\n\n\t<div class=\"wpb_text_column wpb_content_element \">\n\t\t<div class=\"wpb_wrapper\">\n\t\t\t\n<h3>W&amp;H<\/h3>\n\n\t\t<\/div> \n\t<\/div> <div class=\"wpb_content_element separator  small left  \" style=\"margin-top:15px;margin-bottom:15px;\"><\/div>\n\n\t<div class=\"wpb_text_column wpb_content_element \">\n\t\t<div class=\"wpb_wrapper\">\n\t\t\t\n<p style=\"font-size: 16px; line-height: 150%;\">In chirurgia orale e implantologia usiamo strumenti odontoiatrici e fisi dispenser del produttore superiore W&amp;H che consentono lavori impeccabili e servizio di alta qualit\u00e0 per i nostri pazienti.\n\t\t<\/div> \n\t<\/div> \n\t\t<\/div> \n\t<\/div> \n\n\t<div class=\"vc_span6 wpb_column column_container\">\n\t\t<div class=\"wpb_wrapper\">\n\t\t\t\n\t<div class=\"wpb_single_image wpb_content_element\">\n\t\t<div class=\"wpb_wrapper\">\n\t\t\t\n\t\t\t<img src=\"https:\/\/www.dental-sambunjak.hr\/wp-content\/uploads\/2014\/02\/w-and-h.jpg\" width=\"550\" height=\"300\" alt=\"w-and-h\" \/>\n\t\t<\/div> \n\t<\/div> \n\t\t<\/div> \n\t<\/div> \n<\/div><div class=\"wpb_content_element separator  normal center  \" style=\"margin-bottom:0px;\"><\/div>\n<div  class=\"wpb_row vc_row-fluid\" style=\"text-align:left;\">\n\t<div class=\"vc_span6 wpb_column column_container\">\n\t\t<div class=\"wpb_wrapper\">\n\t\t\t\n\t<div class=\"wpb_single_image wpb_content_element\">\n\t\t<div class=\"wpb_wrapper\">\n\t\t\t\n\t\t\t<img src=\"https:\/\/www.dental-sambunjak.hr\/wp-content\/uploads\/2014\/02\/ankylos.jpg\" width=\"550\" height=\"300\" alt=\"ankylos\" \/>\n\t\t<\/div> \n\t<\/div> \n\t\t<\/div> \n\t<\/div> \n\n\t<div class=\"vc_span6 wpb_column column_container\">\n\t\t<div class=\"wpb_wrapper\">\n\t\t\t<div class=\"wpb_content_element separator  transparent center  \" style=\"margin-top:10px;margin-bottom:10px;\"><\/div>\n\n\t<div class=\"wpb_text_column wpb_content_element \">\n\t\t<div class=\"wpb_wrapper\">\n\t\t\t\n<h3>ANKYLOS &#8211; DENTSPLY<\/h3>\n\n\t\t<\/div> \n\t<\/div> <div class=\"wpb_content_element separator  small left  \" style=\"margin-top:15px;margin-bottom:15px;\"><\/div>\n\n\t<div class=\"wpb_text_column wpb_content_element \">\n\t\t<div class=\"wpb_wrapper\">\n\t\t\t\n<p style=\"font-size: 16px; line-height: 150%;\">Il leader mondiale dell&#8217;implantologia dentale.<\/p>\n<p style=\"font-size: 16px; line-height: 150%;\">Nella nostra pratica gi\u00e0 da molti anni usiamo impianti della superiore qualit\u00e0 del costruttore tedesco ANKYLOS. Anni di esperienza, qualit\u00e0 tedesca e partecipamento ai seminari di formazione organizzati dal produttore sono il fondamento del successo del nostro lavoro.<\/p>\n\n\t\t<\/div> \n\t<\/div> \n\t\t<\/div> \n\t<\/div> \n<\/div><div class=\"wpb_content_element separator  normal center  \" style=\"margin-bottom:0px;\"><\/div>\n<div  class=\"wpb_row vc_row-fluid\" style=\"text-align:left;\">\n\t<div class=\"vc_span6 wpb_column column_container\">\n\t\t<div class=\"wpb_wrapper\">\n\t\t\t<div class=\"wpb_content_element separator  transparent center  \" style=\"margin-top:10px;margin-bottom:10px;\"><\/div>\n\n\t<div class=\"wpb_text_column wpb_content_element \">\n\t\t<div class=\"wpb_wrapper\">\n\t\t\t\n<h3>BEYOND<\/h3>\n\n\t\t<\/div> \n\t<\/div> <div class=\"wpb_content_element separator  small left  \" style=\"margin-top:15px;margin-bottom:15px;\"><\/div>\n\n\t<div class=\"wpb_text_column wpb_content_element \">\n\t\t<div class=\"wpb_wrapper\">\n\t\t\t\n<p style=\"font-size: 16px; line-height: 150%;\">Tra il gran numero di modi diversi dello sbiancamento dei denti, la lampada BEYOND si \u00e8 dimostrata di essere uno dei metodi pi\u00f9 avanzati, efficaci e sicuri.<\/p>\n<p style=\"font-size: 16px; line-height: 150%;\">La lampada Beyond filtra la luce ultravioletta nociva e riduce significativamente il calore attraverso una serie di lenti ottiche rivestite e 12.000 fibre ottiche che in fine riduce la sensibilit\u00e0 dei denti e fa questo metodo di sbiancamento comodo e sicuro per i pazienti.<\/p>\n\n\t\t<\/div> \n\t<\/div> \n\t\t<\/div> \n\t<\/div> \n\n\t<div class=\"vc_span6 wpb_column column_container\">\n\t\t<div class=\"wpb_wrapper\">\n\t\t\t\n\t<div class=\"wpb_single_image wpb_content_element\">\n\t\t<div class=\"wpb_wrapper\">\n\t\t\t\n\t\t\t<img src=\"https:\/\/www.dental-sambunjak.hr\/wp-content\/uploads\/2014\/02\/beyond.jpg\" width=\"550\" height=\"300\" alt=\"beyond\" \/>\n\t\t<\/div> \n\t<\/div> \n\t\t<\/div> \n\t<\/div> \n<\/div><div class=\"wpb_content_element separator  normal center  \" style=\"margin-bottom:0px;\"><\/div>\n<div  class=\"wpb_row vc_row-fluid\" style=\"text-align:left;\">\n\t<div class=\"vc_span6 wpb_column column_container\">\n\t\t<div class=\"wpb_wrapper\">\n\t\t\t\n\t<div class=\"wpb_single_image wpb_content_element\">\n\t\t<div class=\"wpb_wrapper\">\n\t\t\t\n\t\t\t<img src=\"https:\/\/www.dental-sambunjak.hr\/wp-content\/uploads\/2014\/02\/statim.jpg\" width=\"550\" height=\"300\" alt=\"statim\" \/>\n\t\t<\/div> \n\t<\/div> \n\t\t<\/div> \n\t<\/div> \n\n\t<div class=\"vc_span6 wpb_column column_container\">\n\t\t<div class=\"wpb_wrapper\">\n\t\t\t<div class=\"wpb_content_element separator  transparent center  \" style=\"margin-top:10px;margin-bottom:10px;\"><\/div>\n\n\t<div class=\"wpb_text_column wpb_content_element \">\n\t\t<div class=\"wpb_wrapper\">\n\t\t\t\n<h3>STATIM<\/h3>\n\n\t\t<\/div> \n\t<\/div> <div class=\"wpb_content_element separator  small left  \" style=\"margin-top:15px;margin-bottom:15px;\"><\/div>\n\n\t<div class=\"wpb_text_column wpb_content_element \">\n\t\t<div class=\"wpb_wrapper\">\n\t\t\t\n<p style=\"font-size: 16px; line-height: 150%;\">Al fine di garantire ai nostri pazienti un elevato livello di sicurezza, utilizziamo dispositivi Statim e eseguiamo i pi\u00f9 alti standard di sterilizzazione determinati dall&#8217;Organizzazione Mondiale della Sanit\u00e0.\n\t\t<\/div> \n\t<\/div> \n\t\t<\/div> \n\t<\/div> \n<\/div><div class=\"wpb_content_element separator  transparent center  \" style=\"margin-bottom:50px;\"><\/div>\n\n\t\t<\/div> \n\t<\/div> \n<\/div>\n","protected":false},"excerpt":{"rendered":"KODAK La salute dei nostri pazienti per noi \u00e8 sempre al primo posto. Per questo motivo, nel nostro studio usiamo la migliore diagnostica radiografica digitale dell\u2019azienda KODAK riducendo cos\u00ec la quantit\u00e0 di radiazione a soli 10% rispetto alla tecnologia convenzionale. KAVO Al fine di fare...","protected":false},"author":1,"featured_media":0,"parent":0,"menu_order":0,"comment_status":"open","ping_status":"open","template":"","meta":{"footnotes":""},"_links":{"self":[{"href":"https:\/\/www.dental-sambunjak.hr\/it\/wp-json\/wp\/v2\/pages\/884"}],"collection":[{"href":"https:\/\/www.dental-sambunjak.hr\/it\/wp-json\/wp\/v2\/pages"}],"about":[{"href":"https:\/\/www.dental-sambunjak.hr\/it\/wp-json\/wp\/v2\/types\/page"}],"author":[{"embeddable":true,"href":"https:\/\/www.dental-sambunjak.hr\/it\/wp-json\/wp\/v2\/users\/1"}],"replies":[{"embeddable":true,"href":"https:\/\/www.dental-sambunjak.hr\/it\/wp-json\/wp\/v2\/comments?post=884"}],"version-history":[{"count":6,"href":"https:\/\/www.dental-sambunjak.hr\/it\/wp-json\/wp\/v2\/pages\/884\/revisions"}],"predecessor-version":[{"id":926,"href":"https:\/\/www.dental-sambunjak.hr\/it\/wp-json\/wp\/v2\/pages\/884\/revisions\/926"}],"wp:attachment":[{"href":"https:\/\/www.dental-sambunjak.hr\/it\/wp-json\/wp\/v2\/media?parent=884"}],"curies":[{"name":"wp","href":"https:\/\/api.w.org\/{rel}","templated":true}]}}