{"id":34,"date":"2014-02-17T11:40:06","date_gmt":"2014-02-17T11:40:06","guid":{"rendered":"http:\/\/dental-sambunjak.hr\/?page_id=34"},"modified":"2014-05-14T08:26:05","modified_gmt":"2014-05-14T08:26:05","slug":"home","status":"publish","type":"page","link":"https:\/\/www.dental-sambunjak.hr\/hr\/home\/","title":{"rendered":"Home"},"content":{"rendered":"<div  class=\"wpb_row vc_row-fluid\" style=\"text-align:left;\"><section class=\"section  grid_section\"><div class=\"section_inner clearfix\">\n\t<div class=\"vc_span4 wpb_column column_container\">\n\t\t<div class=\"wpb_wrapper\">\n\t\t\t\n\t<div class=\"wpb_text_column wpb_content_element \">\n\t\t<div class=\"wpb_wrapper\">\n\t\t\t\n<h3 style=\"text-align: center;\"><img decoding=\"async\" loading=\"lazy\" class=\"aligncenter size-full wp-image-139\" alt=\"implantologija_icon\" src=\"http:\/\/www.dental-sambunjak.hr\/wp-content\/uploads\/2014\/02\/implantologija_icon.png\" width=\"200\" height=\"200\" srcset=\"https:\/\/www.dental-sambunjak.hr\/wp-content\/uploads\/2014\/02\/implantologija_icon.png 200w, https:\/\/www.dental-sambunjak.hr\/wp-content\/uploads\/2014\/02\/implantologija_icon-150x150.png 150w\" sizes=\"(max-width: 200px) 100vw, 200px\" \/><\/h3>\n<h3 style=\"text-align: center;\"><\/h3>\n<h3 style=\"text-align: center;\"><\/h3>\n\n\t\t<\/div> \n\t<\/div> <div class=\"wpb_content_element separator  transparent center  \" style=\"margin-top:15px;margin-bottom:15px;\"><\/div>\n\n\t<div class=\"wpb_text_column wpb_content_element \">\n\t\t<div class=\"wpb_wrapper\">\n\t\t\t\n<h3 style=\"text-align: center;\">Dentalna implantologija<\/h3>\n<h3 style=\"text-align: center;\"><\/h3>\n<h3 style=\"text-align: center;\"><\/h3>\n\n\t\t<\/div> \n\t<\/div> <div class=\"wpb_content_element separator  transparent center  \" style=\"margin-top:15px;margin-bottom:15px;\"><\/div>\n\n\t<div class=\"wpb_text_column wpb_content_element \">\n\t\t<div class=\"wpb_wrapper\">\n\t\t\t\n<p style=\"text-align: center;\">U na\u0161oj ordinaciji radimo ve\u0107 dugi niz godina s implantatima vrhunskog njema\u010dkog proizvo\u0111a\u010da ANKYLOS.<\/p>\n<p style=\"text-align: center;\">Dugogodi\u0161nje iskustvo, tradicionalna njema\u010dka kvaliteta i usavr\u0161avanje na radnim seminarima proizvo\u0111a\u010da, temelj su uspje\u0161nosti na\u0161eg rada.<\/p>\n\n\t\t<\/div> \n\t<\/div> <div class=\"wpb_content_element separator  small center  \" style=\"margin-top:15px;margin-bottom:15px;\"><\/div>\n\n\t<div class=\"wpb_text_column wpb_content_element \">\n\t\t<div class=\"wpb_wrapper\">\n\t\t\t\n<p style=\"text-align: center;\"><a style=\"line-height: 1.5em;\" title=\"Dentalna implantologija\" href=\"http:\/\/www.dental-sambunjak.hr\/djelatnosti\/#dentalna-implantologija\">saznajte vi\u0161e&#8230;<\/a><\/p>\n\n\t\t<\/div> \n\t<\/div> <div class=\"wpb_content_element separator  small center  \" style=\"margin-top:15px;margin-bottom:15px;\"><\/div>\n\n\t\t<\/div> \n\t<\/div> \n\n\t<div class=\"vc_span4 wpb_column column_container\">\n\t\t<div class=\"wpb_wrapper\">\n\t\t\t\n\t<div class=\"wpb_text_column wpb_content_element \">\n\t\t<div class=\"wpb_wrapper\">\n\t\t\t\n<h3 style=\"text-align: center;\"><img decoding=\"async\" loading=\"lazy\" class=\"alignnone size-full wp-image-762\" alt=\"Protetika\" src=\"http:\/\/www.dental-sambunjak.hr\/wp-content\/uploads\/2014\/02\/protetika-home.png\" width=\"200\" height=\"200\" srcset=\"https:\/\/www.dental-sambunjak.hr\/wp-content\/uploads\/2014\/02\/protetika-home.png 200w, https:\/\/www.dental-sambunjak.hr\/wp-content\/uploads\/2014\/02\/protetika-home-150x150.png 150w\" sizes=\"(max-width: 200px) 100vw, 200px\" \/><\/h3>\n<h3 style=\"text-align: center;\"><\/h3>\n<h3 style=\"text-align: center;\"><\/h3>\n\n\t\t<\/div> \n\t<\/div> <div class=\"wpb_content_element separator  transparent center  \" style=\"margin-top:15px;margin-bottom:15px;\"><\/div>\n\n\t<div class=\"wpb_text_column wpb_content_element \">\n\t\t<div class=\"wpb_wrapper\">\n\t\t\t\n<h3 style=\"text-align: center;\">Protetika<\/h3>\n<h3 style=\"text-align: center;\"><\/h3>\n\n\t\t<\/div> \n\t<\/div> <div class=\"wpb_content_element separator  transparent center  \" style=\"margin-top:15px;margin-bottom:15px;\"><\/div>\n\n\t<div class=\"wpb_text_column wpb_content_element \">\n\t\t<div class=\"wpb_wrapper\">\n\t\t\t\n<p style=\"text-align: center;\">Mo\u017eemo Vam osigurati najkvalitetnija i najsuvremenija protetska rje\u0161enja, poput potpunih ili djelomi\u010dnih proteza, kerami\u010dkih krunica i mostova, kombiniranih radova (fiksno-mobilni), te izradu kerami\u010dkih bezmetalnih krunica i ljuskica na postoje\u0107im zubima, kao i sve nadomjestke na implantatima.<\/p>\n\n\t\t<\/div> \n\t<\/div> <div class=\"wpb_content_element separator  small center  \" style=\"margin-top:15px;margin-bottom:15px;\"><\/div>\n\n\t<div class=\"wpb_text_column wpb_content_element \">\n\t\t<div class=\"wpb_wrapper\">\n\t\t\t\n<p style=\"text-align: center;\"><a style=\"line-height: 1.5em;\" title=\"Estetska kirurgija glave i vrata\" href=\"http:\/\/www.dental-sambunjak.hr\/djelatnosti\/#fiksna-i-mobilna-protetika\">saznajte vi\u0161e&#8230;<\/a><\/p>\n\n\t\t<\/div> \n\t<\/div> <div class=\"wpb_content_element separator  small center  \" style=\"margin-top:15px;margin-bottom:15px;\"><\/div>\n\n\t\t<\/div> \n\t<\/div> \n\n\t<div class=\"vc_span4 wpb_column column_container\">\n\t\t<div class=\"wpb_wrapper\">\n\t\t\t\n\t<div class=\"wpb_text_column wpb_content_element \">\n\t\t<div class=\"wpb_wrapper\">\n\t\t\t\n<h3 style=\"text-align: center;\"><img decoding=\"async\" loading=\"lazy\" class=\"aligncenter size-full wp-image-155\" alt=\"estetska\" src=\"http:\/\/www.dental-sambunjak.hr\/wp-content\/uploads\/2014\/02\/estetska.png\" width=\"200\" height=\"200\" srcset=\"https:\/\/www.dental-sambunjak.hr\/wp-content\/uploads\/2014\/02\/estetska.png 200w, https:\/\/www.dental-sambunjak.hr\/wp-content\/uploads\/2014\/02\/estetska-150x150.png 150w\" sizes=\"(max-width: 200px) 100vw, 200px\" \/><\/h3>\n<h3 style=\"text-align: center;\"><\/h3>\n<h3 style=\"text-align: center;\"><\/h3>\n\n\t\t<\/div> \n\t<\/div> <div class=\"wpb_content_element separator  transparent center  \" style=\"margin-top:15px;margin-bottom:15px;\"><\/div>\n\n\t<div class=\"wpb_text_column wpb_content_element \">\n\t\t<div class=\"wpb_wrapper\">\n\t\t\t\n<h3 style=\"text-align: center;\">Estetska kirurgija lica i vrata<\/h3>\n<h3 style=\"text-align: center;\"><\/h3>\n\n\t\t<\/div> \n\t<\/div> <div class=\"wpb_content_element separator  transparent center  \" style=\"margin-top:15px;margin-bottom:15px;\"><\/div>\n\n\t<div class=\"wpb_text_column wpb_content_element \">\n\t\t<div class=\"wpb_wrapper\">\n\t\t\t\n<p style=\"text-align: center;\">U suradnji s maksilofacijalnim kirurgom u na\u0161oj ordinaciji obavljamo niz estetsko kirur\u0161kih zahvata poput odstranjivanja raznih izraslina i o\u017eiljaka, korekcije bora i ko\u017enih nabora, kemijski piling, korekcije gornjih i donjih o\u010dnih kapaka, liposukciju podbradka, facelifting i dr.<\/p>\n\n\t\t<\/div> \n\t<\/div> <div class=\"wpb_content_element separator  small center  \" style=\"margin-top:15px;margin-bottom:15px;\"><\/div>\n\n\t<div class=\"wpb_text_column wpb_content_element \">\n\t\t<div class=\"wpb_wrapper\">\n\t\t\t\n<p style=\"text-align: center;\"><a style=\"line-height: 1.5em;\" title=\"Estetska kirurgija glave i vrata\" href=\"http:\/\/www.dental-sambunjak.hr\/estetska-kirurgija-glave-i-vrata\/\">saznajte vi\u0161e&#8230;<\/a><\/p>\n\n\t\t<\/div> \n\t<\/div> <div class=\"wpb_content_element separator  small center  \" style=\"margin-top:15px;margin-bottom:15px;\"><\/div>\n\n\t\t<\/div> \n\t<\/div> \n<\/div><\/section><\/div><div  class=\"wpb_row vc_row-fluid\" style=\"text-align:left;\"><section class=\"section  grid_section\"><div class=\"section_inner clearfix\">\n\t<div class=\"vc_span12 wpb_column column_container\">\n\t\t<div class=\"wpb_wrapper\">\n\t\t\t\n\t<div class=\"wpb_text_column wpb_content_element \">\n\t\t<div class=\"wpb_wrapper\">\n\t\t\t\n<h3 style=\"text-align: center;\">Do lijepog i zdravog osmijeha u \u010detiri koraka<\/h3>\n\n\t\t<\/div> \n\t<\/div> <div class=\"wpb_content_element separator  transparent center  \" style=\"\"><\/div>\n<div class='q_steps_holder'><div class='steps_holder_inner'><div class='circle_small_holder step1'><div class='circle_small_holder_inner'><div class='arrow_holder'><\/div><div class='circle_small'><div class='circle_small_inner'><div class=\"image_holder\"><img src=\"https:\/\/www.dental-sambunjak.hr\/wp-content\/uploads\/2014\/02\/step1.png\" alt=\"\" \/><\/div><span style='color: #ffffff; background-color: #dd3333;'>1<\/span><\/div><\/div><\/div><\/div><div class='circle_small_holder step2'><div class='circle_small_holder_inner'><div class='arrow_holder'><\/div><div class='circle_small'><div class='circle_small_inner'><div class=\"image_holder\"><img src=\"https:\/\/www.dental-sambunjak.hr\/wp-content\/uploads\/2014\/02\/step2.png\" alt=\"\" \/><\/div><span style='color: #ffffff; background-color: #dd3333;'>2<\/span><\/div><\/div><\/div><\/div><div class='circle_small_holder step3'><div class='circle_small_holder_inner'><div class='arrow_holder'><\/div><div class='circle_small'><div class='circle_small_inner'><div class=\"image_holder\"><img src=\"https:\/\/www.dental-sambunjak.hr\/wp-content\/uploads\/2014\/02\/step3.png\" alt=\"\" \/><\/div><span style='color: #ffffff; background-color: #dd3333;'>3<\/span><\/div><\/div><\/div><\/div><div class='circle_small_holder step4'><div class='circle_small_holder_inner'><div class='arrow_holder'><\/div><div class='circle_small'><div class='circle_small_inner'><div class=\"image_holder\"><img src=\"https:\/\/www.dental-sambunjak.hr\/wp-content\/uploads\/2014\/02\/step4.png\" alt=\"\" \/><\/div><span style='color: #ffffff; background-color: #dd3333;'>4<\/span><\/div><\/div><\/div><\/div><\/div><\/div><div class=\"wpb_content_element separator  transparent center  \" style=\"margin-top:3px;\"><\/div>\n<div  class=\"wpb_row vc_row-fluid\" style=\"text-align:left;\">\n\t<div class=\"vc_span3 wpb_column column_container\">\n\t\t<div class=\"wpb_wrapper\">\n\t\t\t\n\t<div class=\"wpb_text_column wpb_content_element \">\n\t\t<div class=\"wpb_wrapper\">\n\t\t\t\n<h5 style=\"text-align: center;\">Kontaktirajte nas telefonom<br \/>\nili e-mailom<\/h5>\n\n\t\t<\/div> \n\t<\/div> \n\t\t<\/div> \n\t<\/div> \n\n\t<div class=\"vc_span3 wpb_column column_container\">\n\t\t<div class=\"wpb_wrapper\">\n\t\t\t\n\t<div class=\"wpb_text_column wpb_content_element \">\n\t\t<div class=\"wpb_wrapper\">\n\t\t\t\n<h5 style=\"text-align: center;\">Naru\u010dite se za besplatan prvi pregled<\/h5>\n\n\t\t<\/div> \n\t<\/div> \n\t\t<\/div> \n\t<\/div> \n\n\t<div class=\"vc_span3 wpb_column column_container\">\n\t\t<div class=\"wpb_wrapper\">\n\t\t\t\n\t<div class=\"wpb_text_column wpb_content_element \">\n\t\t<div class=\"wpb_wrapper\">\n\t\t\t\n<h5 style=\"text-align: center;\">Upoznajte va\u0161eg osobnog doktora<br \/>\ni zapo\u010dnite terapiju<\/h5>\n\n\t\t<\/div> \n\t<\/div> \n\t\t<\/div> \n\t<\/div> \n\n\t<div class=\"vc_span3 wpb_column column_container\">\n\t\t<div class=\"wpb_wrapper\">\n\t\t\t\n\t<div class=\"wpb_text_column wpb_content_element \">\n\t\t<div class=\"wpb_wrapper\">\n\t\t\t\n<h5 style=\"text-align: center;\">Osvojite svijet svojim novim osmijehom<\/h5>\n\n\t\t<\/div> \n\t<\/div> \n\t\t<\/div> \n\t<\/div> \n<\/div><div class=\"wpb_content_element separator  transparent center  \" style=\"margin-bottom:50px;\"><\/div>\n\n\t\t<\/div> \n\t<\/div> \n<\/div><\/section><\/div>\n","protected":false},"excerpt":{"rendered":"Dentalna implantologija U na\u0161oj ordinaciji radimo ve\u0107 dugi niz godina s implantatima vrhunskog njema\u010dkog proizvo\u0111a\u010da ANKYLOS. Dugogodi\u0161nje iskustvo, tradicionalna njema\u010dka kvaliteta i usavr\u0161avanje na radnim seminarima proizvo\u0111a\u010da, temelj su uspje\u0161nosti na\u0161eg rada. saznajte vi\u0161e... Protetika Mo\u017eemo Vam osigurati najkvalitetnija i najsuvremenija protetska rje\u0161enja, poput potpunih...","protected":false},"author":1,"featured_media":0,"parent":0,"menu_order":0,"comment_status":"open","ping_status":"open","template":"full_width.php","meta":{"footnotes":""},"_links":{"self":[{"href":"https:\/\/www.dental-sambunjak.hr\/hr\/wp-json\/wp\/v2\/pages\/34"}],"collection":[{"href":"https:\/\/www.dental-sambunjak.hr\/hr\/wp-json\/wp\/v2\/pages"}],"about":[{"href":"https:\/\/www.dental-sambunjak.hr\/hr\/wp-json\/wp\/v2\/types\/page"}],"author":[{"embeddable":true,"href":"https:\/\/www.dental-sambunjak.hr\/hr\/wp-json\/wp\/v2\/users\/1"}],"replies":[{"embeddable":true,"href":"https:\/\/www.dental-sambunjak.hr\/hr\/wp-json\/wp\/v2\/comments?post=34"}],"version-history":[{"count":117,"href":"https:\/\/www.dental-sambunjak.hr\/hr\/wp-json\/wp\/v2\/pages\/34\/revisions"}],"predecessor-version":[{"id":968,"href":"https:\/\/www.dental-sambunjak.hr\/hr\/wp-json\/wp\/v2\/pages\/34\/revisions\/968"}],"wp:attachment":[{"href":"https:\/\/www.dental-sambunjak.hr\/hr\/wp-json\/wp\/v2\/media?parent=34"}],"curies":[{"name":"wp","href":"https:\/\/api.w.org\/{rel}","templated":true}]}}