{"id":277,"date":"2014-02-25T10:19:22","date_gmt":"2014-02-25T10:19:22","guid":{"rendered":"http:\/\/www.dental-sambunjak.hr\/?page_id=277"},"modified":"2014-04-07T08:41:23","modified_gmt":"2014-04-07T08:41:23","slug":"estetska-kirurgija-glave-i-vrata","status":"publish","type":"page","link":"https:\/\/www.dental-sambunjak.hr\/hr\/estetska-kirurgija-glave-i-vrata\/","title":{"rendered":"Estetska kirurgija glave i vrata"},"content":{"rendered":"<div  class=\"wpb_row vc_row-fluid\" style=\"text-align:left;\">\n\t<div class=\"vc_span12 wpb_column column_container\">\n\t\t<div class=\"wpb_wrapper\">\n\t\t\t\n\t<div class=\"wpb_text_column wpb_content_element \">\n\t\t<div class=\"wpb_wrapper\">\n\t\t\t\n<ul style=\"font-size: 16px; line-height: 150%;\">Bavi se preoblikovanjem normalnih struktura glave i vrata u svrhu pobolj\u0161anja pacijentovog izgleda i samopouzdanja.<\/ul>\n<ul style=\"font-size: 16px; line-height: 150%;\">U suradnji s maksilofacijalnim kirurgom u na\u0161oj ordinaciji obavljamo sljede\u0107e zahvate:<\/ul>\n\n\t\t<\/div> \n\t<\/div> <div class=\"wpb_content_element separator  transparent center  \" style=\"margin-top:25px;margin-bottom:25px;\"><\/div>\n\n\t\t<\/div> \n\t<\/div> \n<\/div><div  class=\"wpb_row vc_row-fluid\" style=\"text-align:left;\">\n\t<div class=\"vc_span6 wpb_column column_container\">\n\t\t<div class=\"wpb_wrapper\">\n\t\t\t\n\t<div class=\"wpb_gallery wpb_content_element clearfix\">\n\t\t<div class=\"wpb_wrapper\"><div class=\"wpb_gallery_slides wpb_flexslider flexslider_fade flexslider\" data-interval=\"3\" data-flex_fx=\"fade\"><ul class=\"slides\"><li><img src=\"https:\/\/www.dental-sambunjak.hr\/wp-content\/uploads\/2014\/02\/blefaroplastika.jpg\" width=\"550\" height=\"300\" alt=\"blefaroplastika\" \/><\/li><li><img src=\"https:\/\/www.dental-sambunjak.hr\/wp-content\/uploads\/2014\/02\/Botox.jpg\" width=\"550\" height=\"300\" alt=\"Botox\" \/><\/li><li><img src=\"https:\/\/www.dental-sambunjak.hr\/wp-content\/uploads\/2014\/02\/facelift.jpg\" width=\"550\" height=\"300\" alt=\"Facelifting\" \/><\/li><\/ul><\/div>\n\t\t<\/div> \n\t<\/div> \n\t\t<\/div> \n\t<\/div> \n\n\t<div class=\"vc_span6 wpb_column column_container\">\n\t\t<div class=\"wpb_wrapper\">\n\t\t\t\n\t<div class=\"wpb_text_column wpb_content_element \">\n\t\t<div class=\"wpb_wrapper\">\n\t\t\t\n<ul style=\"font-size: 16px; line-height: 150%;\">\n<li>kirur\u0161ko odstranjivanje raznih izraslina ko\u017ee glave (lica) i vrata -fibromi,\u00a0ateromi, nevusi i sve\u00a0ostale (tumorske) izrasline;<\/li>\n<li>kirur\u0161ko odstranjivanje razli\u010ditih o\u017eiljaka;<\/li>\n<li>korekcije bora i ko\u017enih nabora (Aquamid ili hijaluronska kiselina), pli\u0107ih\u00a0bora gornje tre\u0107ine\u00a0lica (Botox) te lipofiling dubljih nabora;<\/li>\n<li>kemijski piling manjih, sitnih, gustih bora (npr. gornja usnica) i\u00a0dermoabrazija manjih povr\u0161ina;<\/li>\n<li>korekcija gornjih i donjih kapaka &#8211; blefaroplastika (samo ko\u017ea ili ko\u017ea i\u00a0masno tkivo);<\/li>\n<li>korekcija odstoje\u0107ih u\u0161ki (otoplastika);<\/li>\n<li>liposukcija podbradka;<\/li>\n<li>face lifting<\/li>\n<\/ul>\n\n\t\t<\/div> \n\t<\/div> \n\t\t<\/div> \n\t<\/div> \n<\/div><div  class=\"wpb_row vc_row-fluid\" style=\"text-align:left;\">\n\t<div class=\"vc_span12 wpb_column column_container\">\n\t\t<div class=\"wpb_wrapper\">\n\t\t\t<div class=\"wpb_content_element separator  transparent center  \" style=\"margin-top:25px;margin-bottom:50px;\"><\/div>\n\n\t\t<\/div> \n\t<\/div> \n<\/div>\n","protected":false},"excerpt":{"rendered":"Bavi se preoblikovanjem normalnih struktura glave i vrata u svrhu pobolj\u0161anja pacijentovog izgleda i samopouzdanja. U suradnji s maksilofacijalnim kirurgom u na\u0161oj ordinaciji obavljamo sljede\u0107e zahvate: kirur\u0161ko odstranjivanje raznih izraslina ko\u017ee glave (lica) i vrata -fibromi,\u00a0ateromi, nevusi i sve\u00a0ostale (tumorske) izrasline; kirur\u0161ko odstranjivanje razli\u010ditih o\u017eiljaka;...","protected":false},"author":1,"featured_media":0,"parent":0,"menu_order":0,"comment_status":"open","ping_status":"closed","template":"","meta":{"footnotes":""},"_links":{"self":[{"href":"https:\/\/www.dental-sambunjak.hr\/hr\/wp-json\/wp\/v2\/pages\/277"}],"collection":[{"href":"https:\/\/www.dental-sambunjak.hr\/hr\/wp-json\/wp\/v2\/pages"}],"about":[{"href":"https:\/\/www.dental-sambunjak.hr\/hr\/wp-json\/wp\/v2\/types\/page"}],"author":[{"embeddable":true,"href":"https:\/\/www.dental-sambunjak.hr\/hr\/wp-json\/wp\/v2\/users\/1"}],"replies":[{"embeddable":true,"href":"https:\/\/www.dental-sambunjak.hr\/hr\/wp-json\/wp\/v2\/comments?post=277"}],"version-history":[{"count":28,"href":"https:\/\/www.dental-sambunjak.hr\/hr\/wp-json\/wp\/v2\/pages\/277\/revisions"}],"predecessor-version":[{"id":925,"href":"https:\/\/www.dental-sambunjak.hr\/hr\/wp-json\/wp\/v2\/pages\/277\/revisions\/925"}],"wp:attachment":[{"href":"https:\/\/www.dental-sambunjak.hr\/hr\/wp-json\/wp\/v2\/media?parent=277"}],"curies":[{"name":"wp","href":"https:\/\/api.w.org\/{rel}","templated":true}]}}