{"id":15,"date":"2014-02-17T11:21:02","date_gmt":"2014-02-17T11:21:02","guid":{"rendered":"http:\/\/dental-sambunjak.hr\/?page_id=15"},"modified":"2014-04-06T20:44:50","modified_gmt":"2014-04-06T20:44:50","slug":"tehnologija","status":"publish","type":"page","link":"https:\/\/www.dental-sambunjak.hr\/hr\/tehnologija\/","title":{"rendered":"Tehnologija"},"content":{"rendered":"<div  class=\"wpb_row vc_row-fluid\" style=\"text-align:left;\">\n\t<div class=\"vc_span12 wpb_column column_container\">\n\t\t<div class=\"wpb_wrapper\">\n\t\t\t<div  class=\"wpb_row vc_row-fluid\" style=\"text-align:left;\">\n\t<div class=\"vc_span6 wpb_column column_container\">\n\t\t<div class=\"wpb_wrapper\">\n\t\t\t<div class=\"wpb_content_element separator  transparent left  \" style=\"margin-top:10px;margin-bottom:10px;\"><\/div>\n\n\t<div class=\"wpb_text_column wpb_content_element \">\n\t\t<div class=\"wpb_wrapper\">\n\t\t\t\n<h3>KODAK<\/h3>\n\n\t\t<\/div> \n\t<\/div> <div class=\"wpb_content_element separator  small left  \" style=\"\"><\/div>\n\n\t<div class=\"wpb_text_column wpb_content_element \">\n\t\t<div class=\"wpb_wrapper\">\n\t\t\t\n<p style=\"font-size: 16px; line-height: 160%;\">Zdravlje na\u0161ih pacijenata nam je uvijek na prvom mjestu. Iz tog razloga u na\u0161oj ordinaciji koristimo vrhunsku rdg digitalnu dijagnostiku tvrtke KODAK te time smanjujemo koli\u010dinu zra\u010denja na samo 10%\u00a0u odnosu na klasi\u010dne rdg tehnologije.<\/p>\n\n\t\t<\/div> \n\t<\/div> \n\t\t<\/div> \n\t<\/div> \n\n\t<div class=\"vc_span6 wpb_column column_container\">\n\t\t<div class=\"wpb_wrapper\">\n\t\t\t\n\t<div class=\"wpb_single_image wpb_content_element\">\n\t\t<div class=\"wpb_wrapper\">\n\t\t\t\n\t\t\t<img src=\"https:\/\/www.dental-sambunjak.hr\/wp-content\/uploads\/2014\/02\/kodak1.jpg\" width=\"550\" height=\"300\" alt=\"kodak\" \/>\n\t\t<\/div> \n\t<\/div> \n\t\t<\/div> \n\t<\/div> \n<\/div><div class=\"wpb_content_element separator  normal center  \" style=\"margin-bottom:0px;\"><\/div>\n<div  class=\"wpb_row vc_row-fluid\" style=\"text-align:left;\">\n\t<div class=\"vc_span6 wpb_column column_container\">\n\t\t<div class=\"wpb_wrapper\">\n\t\t\t\n\t<div class=\"wpb_single_image wpb_content_element\">\n\t\t<div class=\"wpb_wrapper\">\n\t\t\t\n\t\t\t<img src=\"https:\/\/www.dental-sambunjak.hr\/wp-content\/uploads\/2014\/02\/kavo1.jpg\" width=\"550\" height=\"300\" alt=\"kavo\" \/>\n\t\t<\/div> \n\t<\/div> \n\t\t<\/div> \n\t<\/div> \n\n\t<div class=\"vc_span6 wpb_column column_container\">\n\t\t<div class=\"wpb_wrapper\">\n\t\t\t<div class=\"wpb_content_element separator  transparent left  \" style=\"margin-top:10px;margin-bottom:10px;\"><\/div>\n\n\t<div class=\"wpb_text_column wpb_content_element \">\n\t\t<div class=\"wpb_wrapper\">\n\t\t\t\n<h3>KAVO<\/h3>\n\n\t\t<\/div> \n\t<\/div> <div class=\"wpb_content_element separator  small left  \" style=\"\"><\/div>\n\n\t<div class=\"wpb_text_column wpb_content_element \">\n\t\t<div class=\"wpb_wrapper\">\n\t\t\t\n<p style=\"font-size: 16px; line-height: 160%;\">Kako bi se na\u0161i pacijenti osje\u0107ali ugodno i dobili najkvalitetniju uslugu, na\u0161a ordinacija je opremljena proizvodima tvrtke KAVO koja je apsolutni svjetski broj jedan u opremanju ordinacija dentalnom opremom i nasadnim instrumentima.<\/p>\n\n\t\t<\/div> \n\t<\/div> \n\t\t<\/div> \n\t<\/div> \n<\/div><div class=\"wpb_content_element separator  normal center  \" style=\"margin-bottom:0px;\"><\/div>\n<div  class=\"wpb_row vc_row-fluid\" style=\"text-align:left;\">\n\t<div class=\"vc_span6 wpb_column column_container\">\n\t\t<div class=\"wpb_wrapper\">\n\t\t\t<div class=\"wpb_content_element separator  transparent left  \" style=\"margin-top:10px;margin-bottom:10px;\"><\/div>\n\n\t<div class=\"wpb_text_column wpb_content_element \">\n\t\t<div class=\"wpb_wrapper\">\n\t\t\t\n<h3>W&amp;H<\/h3>\n\n\t\t<\/div> \n\t<\/div> <div class=\"wpb_content_element separator  small left  \" style=\"\"><\/div>\n\n\t<div class=\"wpb_text_column wpb_content_element \">\n\t\t<div class=\"wpb_wrapper\">\n\t\t\t\n<p style=\"font-size: 16px; line-height: 160%;\">U oralnoj kirurgiji i implantologiji koristimo nasadne instrumente i fiziodispenzere vrhunskog proizvo\u0111a\u010da W&amp;H koji nam omogu\u0107avaju besprijekoran rad i najvi\u0161u kvalitetu usluge za pacijente.<\/p>\n\n\t\t<\/div> \n\t<\/div> \n\t\t<\/div> \n\t<\/div> \n\n\t<div class=\"vc_span6 wpb_column column_container\">\n\t\t<div class=\"wpb_wrapper\">\n\t\t\t\n\t<div class=\"wpb_single_image wpb_content_element\">\n\t\t<div class=\"wpb_wrapper\">\n\t\t\t\n\t\t\t<img src=\"https:\/\/www.dental-sambunjak.hr\/wp-content\/uploads\/2014\/02\/w-and-h.jpg\" width=\"550\" height=\"300\" alt=\"w-and-h\" \/>\n\t\t<\/div> \n\t<\/div> \n\t\t<\/div> \n\t<\/div> \n<\/div><div class=\"wpb_content_element separator  normal center  \" style=\"margin-bottom:0px;\"><\/div>\n<div  class=\"wpb_row vc_row-fluid\" style=\"text-align:left;\">\n\t<div class=\"vc_span6 wpb_column column_container\">\n\t\t<div class=\"wpb_wrapper\">\n\t\t\t\n\t<div class=\"wpb_single_image wpb_content_element\">\n\t\t<div class=\"wpb_wrapper\">\n\t\t\t\n\t\t\t<img src=\"https:\/\/www.dental-sambunjak.hr\/wp-content\/uploads\/2014\/02\/ankylos.jpg\" width=\"550\" height=\"300\" alt=\"ankylos\" \/>\n\t\t<\/div> \n\t<\/div> \n\t\t<\/div> \n\t<\/div> \n\n\t<div class=\"vc_span6 wpb_column column_container\">\n\t\t<div class=\"wpb_wrapper\">\n\t\t\t<div class=\"wpb_content_element separator  transparent left  \" style=\"margin-top:10px;margin-bottom:10px;\"><\/div>\n\n\t<div class=\"wpb_text_column wpb_content_element \">\n\t\t<div class=\"wpb_wrapper\">\n\t\t\t\n<h3>ANKYLOS &#8211; DENTSPLY<\/h3>\n\n\t\t<\/div> \n\t<\/div> <div class=\"wpb_content_element separator  small left  \" style=\"\"><\/div>\n\n\t<div class=\"wpb_text_column wpb_content_element \">\n\t\t<div class=\"wpb_wrapper\">\n\t\t\t\n<p style=\"font-size: 16px; line-height: 160%;\">Lider svjetske dentalne implantologije.<\/p>\n<p style=\"font-size: 16px; line-height: 160%;\">U na\u0161oj ordinaciji ve\u0107 dugi niz godina radimo s implantatima vrhunskog njema\u010dkog proizvo\u0111a\u010da ANKYLOS. Dugogodi\u0161nje iskustvo, tradicionalna njema\u010dka kvaliteta i usavr\u0161avanje na radnim seminarima proizvo\u0111a\u010da, temelj su uspje\u0161nosti na\u0161eg rada.<\/p>\n\n\t\t<\/div> \n\t<\/div> \n\t\t<\/div> \n\t<\/div> \n<\/div><div class=\"wpb_content_element separator  normal center  \" style=\"margin-bottom:0px;\"><\/div>\n<div  class=\"wpb_row vc_row-fluid\" style=\"text-align:left;\">\n\t<div class=\"vc_span6 wpb_column column_container\">\n\t\t<div class=\"wpb_wrapper\">\n\t\t\t<div class=\"wpb_content_element separator  transparent left  \" style=\"margin-top:10px;margin-bottom:10px;\"><\/div>\n\n\t<div class=\"wpb_text_column wpb_content_element \">\n\t\t<div class=\"wpb_wrapper\">\n\t\t\t\n<h3>BEYOND<\/h3>\n\n\t\t<\/div> \n\t<\/div> <div class=\"wpb_content_element separator  small left  \" style=\"\"><\/div>\n\n\t<div class=\"wpb_text_column wpb_content_element \">\n\t\t<div class=\"wpb_wrapper\">\n\t\t\t\n<p style=\"font-size: 16px; line-height: 160%;\">Me\u0111u velikim brojem razli\u010ditih na\u010dina izbjeljivanja, izbjeljivanje BEYOND lampom pokazalo se kao jedno od najnaprednijih, naju\u010dinkovitijih i najsigurnijih metoda.<\/p>\n<p style=\"font-size: 16px; line-height: 160%;\">BEYOND lampa za izbjeljivanje filtrira \u0161tetno ultraljubi\u010dasto svjetlo i znatno reducira toplinu kroz niz oblo\u017eenih opti\u010dkih le\u0107a i 12 000 opti\u010dkih vlakana \u0161to smanjuje preosjetljivost zubi i ovakav na\u010din izbjeljivanja zubi \u010dini ugodnim i sigurnim za pacijente.<\/p>\n\n\t\t<\/div> \n\t<\/div> \n\t\t<\/div> \n\t<\/div> \n\n\t<div class=\"vc_span6 wpb_column column_container\">\n\t\t<div class=\"wpb_wrapper\">\n\t\t\t\n\t<div class=\"wpb_single_image wpb_content_element\">\n\t\t<div class=\"wpb_wrapper\">\n\t\t\t\n\t\t\t<img src=\"https:\/\/www.dental-sambunjak.hr\/wp-content\/uploads\/2014\/02\/beyond.jpg\" width=\"550\" height=\"300\" alt=\"beyond\" \/>\n\t\t<\/div> \n\t<\/div> \n\t\t<\/div> \n\t<\/div> \n<\/div><div class=\"wpb_content_element separator  normal center  \" style=\"margin-bottom:0px;\"><\/div>\n<div  class=\"wpb_row vc_row-fluid\" style=\"text-align:left;\">\n\t<div class=\"vc_span6 wpb_column column_container\">\n\t\t<div class=\"wpb_wrapper\">\n\t\t\t\n\t<div class=\"wpb_single_image wpb_content_element\">\n\t\t<div class=\"wpb_wrapper\">\n\t\t\t\n\t\t\t<img src=\"https:\/\/www.dental-sambunjak.hr\/wp-content\/uploads\/2014\/02\/statim.jpg\" width=\"550\" height=\"300\" alt=\"statim\" \/>\n\t\t<\/div> \n\t<\/div> \n\t\t<\/div> \n\t<\/div> \n\n\t<div class=\"vc_span6 wpb_column column_container\">\n\t\t<div class=\"wpb_wrapper\">\n\t\t\t<div class=\"wpb_content_element separator  transparent left  \" style=\"margin-top:10px;margin-bottom:10px;\"><\/div>\n\n\t<div class=\"wpb_text_column wpb_content_element \">\n\t\t<div class=\"wpb_wrapper\">\n\t\t\t\n<h3>STATIM<\/h3>\n\n\t\t<\/div> \n\t<\/div> <div class=\"wpb_content_element separator  small left  \" style=\"\"><\/div>\n\n\t<div class=\"wpb_text_column wpb_content_element \">\n\t\t<div class=\"wpb_wrapper\">\n\t\t\t\n<p style=\"font-size: 16px; line-height: 160%;\">Kako bi na\u0161im pacijentima osigurali visoku razinu sigurnosti, kori\u0161tenjem ure\u0111aja Statim provodimo najvi\u0161e kriterije sterilizacije po standardima Svjetske zdravstvene organizacije.<\/p>\n\n\t\t<\/div> \n\t<\/div> \n\t\t<\/div> \n\t<\/div> \n<\/div>\n\t\t<\/div> \n\t<\/div> \n<\/div><div  class=\"wpb_row vc_row-fluid\" style=\"text-align:left;\">\n\t<div class=\"vc_span12 wpb_column column_container\">\n\t\t<div class=\"wpb_wrapper\">\n\t\t\t<div class=\"wpb_content_element separator  transparent center  \" style=\"margin-top:25px;margin-bottom:50px;\"><\/div>\n\n\t\t<\/div> \n\t<\/div> \n<\/div>\n","protected":false},"excerpt":{"rendered":"KODAK Zdravlje na\u0161ih pacijenata nam je uvijek na prvom mjestu. Iz tog razloga u na\u0161oj ordinaciji koristimo vrhunsku rdg digitalnu dijagnostiku tvrtke KODAK te time smanjujemo koli\u010dinu zra\u010denja na samo 10%\u00a0u odnosu na klasi\u010dne rdg tehnologije. KAVO Kako bi se na\u0161i pacijenti osje\u0107ali ugodno i...","protected":false},"author":1,"featured_media":0,"parent":0,"menu_order":0,"comment_status":"closed","ping_status":"closed","template":"","meta":{"footnotes":""},"_links":{"self":[{"href":"https:\/\/www.dental-sambunjak.hr\/hr\/wp-json\/wp\/v2\/pages\/15"}],"collection":[{"href":"https:\/\/www.dental-sambunjak.hr\/hr\/wp-json\/wp\/v2\/pages"}],"about":[{"href":"https:\/\/www.dental-sambunjak.hr\/hr\/wp-json\/wp\/v2\/types\/page"}],"author":[{"embeddable":true,"href":"https:\/\/www.dental-sambunjak.hr\/hr\/wp-json\/wp\/v2\/users\/1"}],"replies":[{"embeddable":true,"href":"https:\/\/www.dental-sambunjak.hr\/hr\/wp-json\/wp\/v2\/comments?post=15"}],"version-history":[{"count":41,"href":"https:\/\/www.dental-sambunjak.hr\/hr\/wp-json\/wp\/v2\/pages\/15\/revisions"}],"predecessor-version":[{"id":888,"href":"https:\/\/www.dental-sambunjak.hr\/hr\/wp-json\/wp\/v2\/pages\/15\/revisions\/888"}],"wp:attachment":[{"href":"https:\/\/www.dental-sambunjak.hr\/hr\/wp-json\/wp\/v2\/media?parent=15"}],"curies":[{"name":"wp","href":"https:\/\/api.w.org\/{rel}","templated":true}]}}