{"id":13,"date":"2014-02-17T11:20:49","date_gmt":"2014-02-17T11:20:49","guid":{"rendered":"http:\/\/dental-sambunjak.hr\/?page_id=13"},"modified":"2014-04-05T19:13:20","modified_gmt":"2014-04-05T19:13:20","slug":"djelatnosti","status":"publish","type":"page","link":"https:\/\/www.dental-sambunjak.hr\/hr\/djelatnosti\/","title":{"rendered":"Djelatnosti"},"content":{"rendered":"<div  class=\"wpb_row vc_row-fluid\" style=\"text-align:left;\">\n\t<div class=\"vc_span12 wpb_column column_container\">\n\t\t<div class=\"wpb_wrapper\">\n\t\t\t<div class=\"wpb_content_element separator  normal center  \" style=\"margin-top:0px;margin-bottom:0px;\"><\/div>\n<div  class=\"wpb_row vc_row-fluid\" style=\"text-align:left;\">\n\t<div class=\"vc_span6 wpb_column column_container\">\n\t\t<div class=\"wpb_wrapper\">\n\t\t\t\n\t<div class=\"wpb_gallery wpb_content_element clearfix\">\n\t\t<div class=\"wpb_wrapper\"><div class=\"wpb_gallery_slides wpb_flexslider flexslider_fade flexslider\" data-interval=\"3\" data-flex_fx=\"fade\"><ul class=\"slides\"><li><a class=\"prettyphoto\" href=\"https:\/\/www.dental-sambunjak.hr\/wp-content\/uploads\/2014\/02\/implantologija-1.jpg\" rel=\"prettyPhoto[rel-665744829]\"><img src=\"https:\/\/www.dental-sambunjak.hr\/wp-content\/uploads\/2014\/02\/implantologija-1.jpg\" width=\"550\" height=\"300\" alt=\"implantologija-1\" \/><\/a><\/li><li><a class=\"prettyphoto\" href=\"https:\/\/www.dental-sambunjak.hr\/wp-content\/uploads\/2014\/02\/Implantologija-2.jpg\" rel=\"prettyPhoto[rel-665744829]\"><img src=\"https:\/\/www.dental-sambunjak.hr\/wp-content\/uploads\/2014\/02\/Implantologija-2.jpg\" width=\"550\" height=\"300\" alt=\"Implantologija-2\" \/><\/a><\/li><li><a class=\"prettyphoto\" href=\"https:\/\/www.dental-sambunjak.hr\/wp-content\/uploads\/2014\/02\/implantologija-3.jpg\" rel=\"prettyPhoto[rel-665744829]\"><img src=\"https:\/\/www.dental-sambunjak.hr\/wp-content\/uploads\/2014\/02\/implantologija-3.jpg\" width=\"550\" height=\"300\" alt=\"Implatologia\" \/><\/a><\/li><\/ul><\/div>\n\t\t<\/div> \n\t<\/div> \n\t\t<\/div> \n\t<\/div> \n\n\t<div class=\"vc_span6 wpb_column column_container\">\n\t\t<div class=\"wpb_wrapper\">\n\t\t\t<div class=\"wpb_content_element separator  transparent left  \" style=\"margin-top:10px;margin-bottom:10px;\"><\/div>\n\n\t<div class=\"wpb_text_column wpb_content_element \">\n\t\t<div class=\"wpb_wrapper\">\n\t\t\t\n<h3>Dentalna implantologija<\/h3>\n\n\t\t<\/div> \n\t<\/div> <div class=\"wpb_content_element separator  small left  \" style=\"margin-top:15px;margin-bottom:15px;\"><\/div>\n\n\t<div class=\"wpb_text_column wpb_content_element \">\n\t\t<div class=\"wpb_wrapper\">\n\t\t\t\n<p style=\"font-size: 16px; line-height: 150%;\">Dentalna implantologija podrazumijeva ugradnju dentalnog implantata kao nadomjestak izgubljenog zuba, odnosno zubnog korijena.<br \/>\nMo\u017ee se nadomjestiti samo jedan zub, vi\u0161e njih, ali je mogu\u0107a i potpuna rehabilitacija totalno bezubih \u010deljusti.\u00a0Nakon ugradnje implantata slijedi period oseointegracije (koji mo\u017ee trajati do najvi\u0161e \u0161est mjeseci), a potom izrada odgovaraju\u0107eg protetskog nadomjestka.<\/p>\n<p style=\"font-size: 16px; line-height: 150%;\">U na\u0161oj ordinaciji radimo ve\u0107 dugi niz godina s implantatima vrhunskog njema\u010dkog proizvo\u0111a\u010da ANKYLOS.\u00a0Dugogodi\u0161nje iskustvo, tradicionalna njema\u010dka kvaliteta i usavr\u0161avanje na radnim seminarima proizvo\u0111a\u010da, temelj su uspje\u0161nosti na\u0161eg rada.<\/p>\n\n\t\t<\/div> \n\t<\/div> \n\t\t<\/div> \n\t<\/div> \n<\/div><div class=\"wpb_content_element separator  normal center  \" style=\"margin-top:40px;margin-bottom:0px;\"><\/div>\n<div  data-q_id=\"#estetska-dentalna-medicina\" class=\"wpb_row vc_row-fluid\" style=\"text-align:left;\">\n\t<div class=\"vc_span6 wpb_column column_container\">\n\t\t<div class=\"wpb_wrapper\">\n\t\t\t<div class=\"wpb_content_element separator  transparent left  \" style=\"margin-top:10px;margin-bottom:10px;\"><\/div>\n\n\t<div class=\"wpb_text_column wpb_content_element \">\n\t\t<div class=\"wpb_wrapper\">\n\t\t\t\n<h3>Estetska dentalna medicina<\/h3>\n\n\t\t<\/div> \n\t<\/div> <div class=\"wpb_content_element separator  small left  \" style=\"margin-top:15px;margin-bottom:15px;\"><\/div>\n\n\t<div class=\"wpb_text_column wpb_content_element \">\n\t\t<div class=\"wpb_wrapper\">\n\t\t\t\n<p style=\"font-size: 16px; line-height: 150%;\">U svom radu posve\u0107ujemo veliku pa\u017enju vrlo va\u017enom dijelu dentalne medicine koji se bavi lijepim i zdravim osmijehom te \u010dovjeku daje sigurnost, samopouzdanje i ljepotu.<\/p>\n<p style=\"font-size: 16px; line-height: 150%;\">Osim redovitog \u010di\u0161\u0107enja zubnih naslaga, estetskih ispuna, korekcije nepravilnih zubnih desni (gingivoplastika), izbjeljivanja zubi, estetska dentalna medicina podrazumijeva i korekciju nepravilnog polo\u017eaja zubi i protetsku rehabilitaciju.<\/p>\n\n\t\t<\/div> \n\t<\/div> \n\t\t<\/div> \n\t<\/div> \n\n\t<div class=\"vc_span6 wpb_column column_container\">\n\t\t<div class=\"wpb_wrapper\">\n\t\t\t\n\t<div class=\"wpb_single_image wpb_content_element\">\n\t\t<div class=\"wpb_wrapper\">\n\t\t\t\n\t\t\t<img src=\"https:\/\/www.dental-sambunjak.hr\/wp-content\/uploads\/2014\/02\/estetska-dentalna-medicina1.jpg\" width=\"550\" height=\"300\" alt=\"estetska-dentalna-medicina\" \/>\n\t\t<\/div> \n\t<\/div> \n\t\t<\/div> \n\t<\/div> \n<\/div><div class=\"wpb_content_element separator  normal center  \" style=\"margin-top:40px;margin-bottom:0px;\"><\/div>\n<div  data-q_id=\"#oralna-kirurgija\" class=\"wpb_row vc_row-fluid\" style=\"text-align:left;\">\n\t<div class=\"vc_span6 wpb_column column_container\">\n\t\t<div class=\"wpb_wrapper\">\n\t\t\t\n\t<div class=\"wpb_single_image wpb_content_element\">\n\t\t<div class=\"wpb_wrapper\">\n\t\t\t\n\t\t\t<img src=\"https:\/\/www.dental-sambunjak.hr\/wp-content\/uploads\/2014\/02\/oralna-kirurgija1.jpg\" width=\"550\" height=\"300\" alt=\"oralna kirurgija\" \/>\n\t\t<\/div> \n\t<\/div> \n\t\t<\/div> \n\t<\/div> \n\n\t<div class=\"vc_span6 wpb_column column_container\">\n\t\t<div class=\"wpb_wrapper\">\n\t\t\t<div class=\"wpb_content_element separator  transparent left  \" style=\"margin-top:10px;margin-bottom:10px;\"><\/div>\n\n\t<div class=\"wpb_text_column wpb_content_element \">\n\t\t<div class=\"wpb_wrapper\">\n\t\t\t\n<h3>Oralna kirurgija<\/h3>\n\n\t\t<\/div> \n\t<\/div> <div class=\"wpb_content_element separator  small left  \" style=\"margin-top:15px;margin-bottom:15px;\"><\/div>\n\n\t<div class=\"wpb_text_column wpb_content_element \">\n\t\t<div class=\"wpb_wrapper\">\n\t\t\t\n<p style=\"font-size: 16px; line-height: 150%;\">Vrlo va\u017ean dio dentalne medicine koji se bavi kirur\u0161kim zahvatima u usnoj \u0161upljini. Na\u0161a ordinacija pru\u017ea usluge svih oralno-kirur\u0161kih zahvata, kao \u0161to su naj\u010de\u0161\u0107e:<\/p>\n<ul style=\"font-size: 16px; line-height: 150%;\">\n<li>odstranjivanje zaostalih zubnih korijena, ura\u0161tenih zuba, odstranjenje zaostalih cisti\u2026;<\/li>\n<li>apikotomija (odstranjivanje granuloma na vrhu zubnog korijena);<\/li>\n<li>korekcija nepravilnosti ko\u0161tanog i mekih tkiva;<\/li>\n<li>sinuslift (dizanje dna maksilarnog sinusa uz \u00a0dodatak umjetne kosti i membrane, kao preduvjet za ugradnju dentalnog implantata kod nedostatka vertikalne ali i horizontalne dimenzije kosti)\u2026<\/li>\n<\/ul>\n\n\t\t<\/div> \n\t<\/div> \n\t\t<\/div> \n\t<\/div> \n<\/div><div class=\"wpb_content_element separator  normal center  \" style=\"margin-top:40px;margin-bottom:0px;\"><\/div>\n<div  data-q_id=\"#fiksna-i-mobilna-protetika\" class=\"wpb_row vc_row-fluid\" style=\"text-align:left;\">\n\t<div class=\"vc_span6 wpb_column column_container\">\n\t\t<div class=\"wpb_wrapper\">\n\t\t\t<div class=\"wpb_content_element separator  transparent left  \" style=\"margin-top:10px;margin-bottom:10px;\"><\/div>\n\n\t<div class=\"wpb_text_column wpb_content_element \">\n\t\t<div class=\"wpb_wrapper\">\n\t\t\t\n<h3>Protetika<\/h3>\n\n\t\t<\/div> \n\t<\/div> <div class=\"wpb_content_element separator  small left  \" style=\"margin-top:15px;margin-bottom:15px;\"><\/div>\n\n\t<div class=\"wpb_text_column wpb_content_element \">\n\t\t<div class=\"wpb_wrapper\">\n\t\t\t\n<p style=\"font-size: 16px; line-height: 150%;\">Grana dentalne medicine koja se bavi nadomje\u0161tanjem izgubljenih zuba potpunim ili djelomi\u010dnim protezama, kerami\u010dkim krunicama i mostovima, kombiniranim radovima (fiksno-mobilnim), te izradom kerami\u010dkih bezmetalnih krunica i ljuskica na postoje\u0107im zubima, kao i svim nadomjescima na implantatima.<\/p>\n\n\t\t<\/div> \n\t<\/div> \n\t\t<\/div> \n\t<\/div> \n\n\t<div class=\"vc_span6 wpb_column column_container\">\n\t\t<div class=\"wpb_wrapper\">\n\t\t\t\n\t<div class=\"wpb_gallery wpb_content_element clearfix\">\n\t\t<div class=\"wpb_wrapper\"><div class=\"wpb_gallery_slides wpb_flexslider flexslider_fade flexslider\" data-interval=\"3\" data-flex_fx=\"fade\"><ul class=\"slides\"><li><img src=\"https:\/\/www.dental-sambunjak.hr\/wp-content\/uploads\/2014\/02\/protetika-1.jpg\" width=\"550\" height=\"300\" alt=\"protetika-1\" \/><\/li><li><img src=\"https:\/\/www.dental-sambunjak.hr\/wp-content\/uploads\/2014\/02\/protetika-2.jpg\" width=\"550\" height=\"300\" alt=\"protetika-2\" \/><\/li><li><img src=\"https:\/\/www.dental-sambunjak.hr\/wp-content\/uploads\/2014\/02\/protetika-3.jpg\" width=\"550\" height=\"300\" alt=\"protetika-3\" \/><\/li><\/ul><\/div>\n\t\t<\/div> \n\t<\/div> \n\t\t<\/div> \n\t<\/div> \n<\/div><div class=\"wpb_content_element separator  normal center  \" style=\"margin-top:0px;margin-bottom:0px;\"><\/div>\n<div  data-q_id=\"#paradontologija\" class=\"wpb_row vc_row-fluid\" style=\"text-align:left;\">\n\t<div class=\"vc_span6 wpb_column column_container\">\n\t\t<div class=\"wpb_wrapper\">\n\t\t\t\n\t<div class=\"wpb_single_image wpb_content_element\">\n\t\t<div class=\"wpb_wrapper\">\n\t\t\t\n\t\t\t<img src=\"https:\/\/www.dental-sambunjak.hr\/wp-content\/uploads\/2014\/02\/parodontitis.jpg\" width=\"550\" height=\"300\" alt=\"parodontitis\" \/>\n\t\t<\/div> \n\t<\/div> \n\t\t<\/div> \n\t<\/div> \n\n\t<div class=\"vc_span6 wpb_column column_container\">\n\t\t<div class=\"wpb_wrapper\">\n\t\t\t<div class=\"wpb_content_element separator  transparent left  \" style=\"margin-top:10px;margin-bottom:10px;\"><\/div>\n\n\t<div class=\"wpb_text_column wpb_content_element \">\n\t\t<div class=\"wpb_wrapper\">\n\t\t\t\n<h3>Parodontologija<\/h3>\n\n\t\t<\/div> \n\t<\/div> <div class=\"wpb_content_element separator  small left  \" style=\"margin-top:15px;margin-bottom:15px;\"><\/div>\n\n\t<div class=\"wpb_text_column wpb_content_element \">\n\t\t<div class=\"wpb_wrapper\">\n\t\t\t\n<p style=\"font-size: 16px; line-height: 150%;\">Nauka o parodontu, odnosno potpornom tkivu zuba, kojeg \u010dine \u2013 gingiva (zubne desni) i pri\u010dvrsni aparat (zubni cement, parodontni ligament i alveolarna kost).<\/p>\n<p style=\"font-size: 16px; line-height: 150%;\">Bolest parodonta zovemo jednostavno parodontna bolest (upala potpornog tkiva zuba), a ona se mo\u017ee manifestirati kao gingivitis ili kao parodontitis. Uzrok ove bolesti nalazimo u genetici, plaku, kamencu, lo\u0161im ispunima, lo\u0161im protetskim nadomjescima.<\/p>\n<p style=\"font-size: 16px; line-height: 150%;\">Kod nas prevencija po\u010dinje redovitim odstranjivanjem plaka i kamenca (i kao preduvjet za bilo koji daljnji rad u ustima), a terapija od kireta\u017ee parodontalnih d\u017eepova preko gingivektomije \u00a0do najnovijih metoda pokrivanja zubnih vratova i drugih defekata transplantacijom mekih tkiva.<\/p>\n\n\t\t<\/div> \n\t<\/div> \n\t\t<\/div> \n\t<\/div> \n<\/div><div class=\"wpb_content_element separator  normal center  \" style=\"margin-top:40px;margin-bottom:0px;\"><\/div>\n<div  data-q_id=\"#ortodoncija\" class=\"wpb_row vc_row-fluid\" style=\"text-align:left;\">\n\t<div class=\"vc_span6 wpb_column column_container\">\n\t\t<div class=\"wpb_wrapper\">\n\t\t\t<div class=\"wpb_content_element separator  transparent left  \" style=\"margin-top:10px;margin-bottom:10px;\"><\/div>\n\n\t<div class=\"wpb_text_column wpb_content_element \">\n\t\t<div class=\"wpb_wrapper\">\n\t\t\t\n<h3>Ortodoncija<\/h3>\n\n\t\t<\/div> \n\t<\/div> <div class=\"wpb_content_element separator  small left  \" style=\"margin-top:15px;margin-bottom:15px;\"><\/div>\n\n\t<div class=\"wpb_text_column wpb_content_element \">\n\t\t<div class=\"wpb_wrapper\">\n\t\t\t\n<p style=\"font-size: 16px; line-height: 150%;\">Klini\u010dka grana dentalne medicine koja se bavi rastom, razvojem i odr\u017eavanjem dentofacijalnog kompleksa, te prou\u010davanjem razvojnih poreme\u0107aja i svih faktora koji mogu uzrokovati malokluziju.<\/p>\n<p style=\"font-size: 16px; line-height: 150%;\">U suradnji s kolegama ortodontima u na\u0161oj ordinaciji provodimo ortodontsku terapiju po najsuvremenijoj tehnici samoligiraju\u0107ih bravica DAMON. Velika je prednost ove metode u kontrolama koje se obavljaju svakih 8-12 tjedana.<\/p>\n\n\t\t<\/div> \n\t<\/div> \n\t\t<\/div> \n\t<\/div> \n\n\t<div class=\"vc_span6 wpb_column column_container\">\n\t\t<div class=\"wpb_wrapper\">\n\t\t\t\n\t<div class=\"wpb_gallery wpb_content_element clearfix\">\n\t\t<div class=\"wpb_wrapper\"><div class=\"wpb_gallery_slides wpb_flexslider flexslider_fade flexslider\" data-interval=\"3\" data-flex_fx=\"fade\"><ul class=\"slides\"><li><img src=\"https:\/\/www.dental-sambunjak.hr\/wp-content\/uploads\/2014\/02\/ortodoncija-1.jpg\" width=\"550\" height=\"300\" alt=\"ortodoncija-1\" \/><\/li><li><img src=\"https:\/\/www.dental-sambunjak.hr\/wp-content\/uploads\/2014\/02\/ortodoncija-2.jpg\" width=\"550\" height=\"300\" alt=\"ortodoncija-2\" \/><\/li><\/ul><\/div>\n\t\t<\/div> \n\t<\/div> \n\t\t<\/div> \n\t<\/div> \n<\/div><div class=\"wpb_content_element separator  normal center  \" style=\"margin-top:0px;margin-bottom:0px;\"><\/div>\n<div  data-q_id=\"#djecja-i-preventivna-dentalna-medicina\" class=\"wpb_row vc_row-fluid\" style=\"text-align:left;\">\n\t<div class=\"vc_span6 wpb_column column_container\">\n\t\t<div class=\"wpb_wrapper\">\n\t\t\t\n\t<div class=\"wpb_gallery wpb_content_element clearfix\">\n\t\t<div class=\"wpb_wrapper\"><div class=\"wpb_gallery_slides wpb_flexslider flexslider_fade flexslider\" data-interval=\"3\" data-flex_fx=\"fade\"><ul class=\"slides\"><li><img src=\"https:\/\/www.dental-sambunjak.hr\/wp-content\/uploads\/2014\/02\/preventivna-stomatologija-1.jpg\" width=\"550\" height=\"300\" alt=\"preventivna-stomatologija-1\" \/><\/li><li><img src=\"https:\/\/www.dental-sambunjak.hr\/wp-content\/uploads\/2014\/02\/preventivna-stomatologija-2.jpg\" width=\"550\" height=\"300\" alt=\"preventivna-stomatologija-2\" \/><\/li><\/ul><\/div>\n\t\t<\/div> \n\t<\/div> \n\t\t<\/div> \n\t<\/div> \n\n\t<div class=\"vc_span6 wpb_column column_container\">\n\t\t<div class=\"wpb_wrapper\">\n\t\t\t<div class=\"wpb_content_element separator  transparent left  \" style=\"margin-top:10px;margin-bottom:10px;\"><\/div>\n\n\t<div class=\"wpb_text_column wpb_content_element \">\n\t\t<div class=\"wpb_wrapper\">\n\t\t\t\n<h3>Dje\u010dja i preventivna dentalna medicina<\/h3>\n\n\t\t<\/div> \n\t<\/div> <div class=\"wpb_content_element separator  small left  \" style=\"margin-top:15px;margin-bottom:15px;\"><\/div>\n\n\t<div class=\"wpb_text_column wpb_content_element \">\n\t\t<div class=\"wpb_wrapper\">\n\t\t\t\n<p style=\"font-size: 16px; line-height: 150%;\">Doba djetinjstva najva\u017enije je, najljep\u0161e, ali i najosjetljivije doba kada treba brinuti o za\u0161titi i lije\u010denju mlije\u010dnih zuba (kao \u201c\u010duvara mjesta\u201d za trajne zube). Kroz pri\u010du i igru treba zadobiti povjerenje djeteta, ako je mogu\u0107e ve\u0107 od tre\u0107e godine \u017eivota, kako bi briga o odr\u017eavanju oralnog zdravlja bila \u0161to lak\u0161a i jednostavnija, prvenstveno za dijete.<\/p>\n<p style=\"font-size: 16px; line-height: 150%;\">U adolescentnoj dobi (najlo\u0161ije doba \u017eivota za zube radi neredovite higijene) treba brinuti o zdravlju trajnih zuba redovitim i apsolutno \u010destim kontrolama, prevencijom, te trenutnom sanacijom i najmanjih karioznih lezija.<\/p>\n<p style=\"font-size: 16px; line-height: 150%;\">Fluoridacija zuba, \u010di\u0161\u0107enje zubnih naslaga, preventivno pe\u010da\u0107enje fisura, lije\u010denje mlije\u010dnih i trajnih zuba, uo\u010davanje anomalija u postavi zuba i \u010deljusti te njihova rana prevencija, samo su neke od usluga koje pru\u017eamo djeci u na\u0161oj ordinaciji.<\/p>\n\n\t\t<\/div> \n\t<\/div> \n\t\t<\/div> \n\t<\/div> \n<\/div><div class=\"wpb_content_element separator  transparent center  \" style=\"margin-top:0px;margin-bottom:50px;\"><\/div>\n\n\t\t<\/div> \n\t<\/div> \n<\/div>\n","protected":false},"excerpt":{"rendered":"Dentalna implantologija Dentalna implantologija podrazumijeva ugradnju dentalnog implantata kao nadomjestak izgubljenog zuba, odnosno zubnog korijena. Mo\u017ee se nadomjestiti samo jedan zub, vi\u0161e njih, ali je mogu\u0107a i potpuna rehabilitacija totalno bezubih \u010deljusti.\u00a0Nakon ugradnje implantata slijedi period oseointegracije (koji mo\u017ee trajati do najvi\u0161e \u0161est mjeseci), a...","protected":false},"author":1,"featured_media":0,"parent":0,"menu_order":0,"comment_status":"open","ping_status":"open","template":"","meta":{"footnotes":""},"_links":{"self":[{"href":"https:\/\/www.dental-sambunjak.hr\/hr\/wp-json\/wp\/v2\/pages\/13"}],"collection":[{"href":"https:\/\/www.dental-sambunjak.hr\/hr\/wp-json\/wp\/v2\/pages"}],"about":[{"href":"https:\/\/www.dental-sambunjak.hr\/hr\/wp-json\/wp\/v2\/types\/page"}],"author":[{"embeddable":true,"href":"https:\/\/www.dental-sambunjak.hr\/hr\/wp-json\/wp\/v2\/users\/1"}],"replies":[{"embeddable":true,"href":"https:\/\/www.dental-sambunjak.hr\/hr\/wp-json\/wp\/v2\/comments?post=13"}],"version-history":[{"count":69,"href":"https:\/\/www.dental-sambunjak.hr\/hr\/wp-json\/wp\/v2\/pages\/13\/revisions"}],"predecessor-version":[{"id":1047,"href":"https:\/\/www.dental-sambunjak.hr\/hr\/wp-json\/wp\/v2\/pages\/13\/revisions\/1047"}],"wp:attachment":[{"href":"https:\/\/www.dental-sambunjak.hr\/hr\/wp-json\/wp\/v2\/media?parent=13"}],"curies":[{"name":"wp","href":"https:\/\/api.w.org\/{rel}","templated":true}]}}