{"id":11,"date":"2014-02-17T11:20:37","date_gmt":"2014-02-17T11:20:37","guid":{"rendered":"http:\/\/dental-sambunjak.hr\/?page_id=11"},"modified":"2014-04-07T09:37:31","modified_gmt":"2014-04-07T09:37:31","slug":"o-nama","status":"publish","type":"page","link":"https:\/\/www.dental-sambunjak.hr\/hr\/o-nama\/","title":{"rendered":"O nama"},"content":{"rendered":"<div  data-q_id=\"#povijest\" class=\"wpb_row vc_row-fluid\" style=\"text-align:left;\"><section class=\"section  grid_section\"><div class=\"section_inner clearfix\">\n\t<div class=\"vc_span12 wpb_column column_container\">\n\t\t<div class=\"wpb_wrapper\">\n\t\t\t<div class=\"wpb_content_element separator  transparent center  \" style=\"margin-top:25px;margin-bottom:50px;\"><\/div>\n\n\t<div class=\"wpb_text_column wpb_content_element \">\n\t\t<div class=\"wpb_wrapper\">\n\t\t\t\n<h2 style=\"text-align: center;\">Tradicija koja traje ve\u0107 tri generacije doktora dentalne medicine<\/h2>\n\n\t\t<\/div> \n\t<\/div> <div class=\"wpb_content_element separator  small center  \" style=\"margin-top:25px;margin-bottom:50px;\"><\/div>\n<div  class=\"wpb_row vc_row-fluid\" style=\"text-align:left;\">\n\t<div class=\"vc_span6 wpb_column column_container\">\n\t\t<div class=\"wpb_wrapper\">\n\t\t\t\n\t<div class=\"wpb_gallery wpb_content_element clearfix\">\n\t\t<div class=\"wpb_wrapper\"><div class=\"wpb_gallery_slides wpb_flexslider flexslider_fade flexslider\" data-interval=\"3\" data-flex_fx=\"fade\"><ul class=\"slides\"><li><a class=\"prettyphoto\" href=\"https:\/\/www.dental-sambunjak.hr\/wp-content\/uploads\/2014\/02\/1951.jpg\" rel=\"prettyPhoto[rel-885268973]\"><img src=\"https:\/\/www.dental-sambunjak.hr\/wp-content\/uploads\/2014\/02\/1951-550x300.jpg\" width=\"550\" height=\"300\" alt=\"1951\" \/><\/a><\/li><li><a class=\"prettyphoto\" href=\"https:\/\/www.dental-sambunjak.hr\/wp-content\/uploads\/2014\/02\/1951-1.jpg\" rel=\"prettyPhoto[rel-885268973]\"><img src=\"https:\/\/www.dental-sambunjak.hr\/wp-content\/uploads\/2014\/02\/1951-1-516x300.jpg\" width=\"516\" height=\"300\" alt=\"1951-1\" \/><\/a><\/li><li><a class=\"prettyphoto\" href=\"https:\/\/www.dental-sambunjak.hr\/wp-content\/uploads\/2014\/02\/1951-2.jpg\" rel=\"prettyPhoto[rel-885268973]\"><img src=\"https:\/\/www.dental-sambunjak.hr\/wp-content\/uploads\/2014\/02\/1951-2-546x300.jpg\" width=\"546\" height=\"300\" alt=\"1951-2\" \/><\/a><\/li><li><a class=\"prettyphoto\" href=\"https:\/\/www.dental-sambunjak.hr\/wp-content\/uploads\/2014\/02\/1951-3.jpg\" rel=\"prettyPhoto[rel-885268973]\"><img src=\"https:\/\/www.dental-sambunjak.hr\/wp-content\/uploads\/2014\/02\/1951-3-550x300.jpg\" width=\"550\" height=\"300\" alt=\"1951-3\" \/><\/a><\/li><li><a class=\"prettyphoto\" href=\"https:\/\/www.dental-sambunjak.hr\/wp-content\/uploads\/2014\/02\/1951-4.jpg\" rel=\"prettyPhoto[rel-885268973]\"><img src=\"https:\/\/www.dental-sambunjak.hr\/wp-content\/uploads\/2014\/02\/1951-4-550x300.jpg\" width=\"550\" height=\"300\" alt=\"1951-4\" \/><\/a><\/li><\/ul><\/div>\n\t\t<\/div> \n\t<\/div> \n\t\t<\/div> \n\t<\/div> \n\n\t<div class=\"vc_span6 wpb_column column_container\">\n\t\t<div class=\"wpb_wrapper\">\n\t\t\t<div class=\"wpb_content_element separator  transparent left  \" style=\"margin-top:10px;margin-bottom:10px;\"><\/div>\n\n\t<div class=\"wpb_text_column wpb_content_element \">\n\t\t<div class=\"wpb_wrapper\">\n\t\t\t\n<h3>1951<\/h3>\n\n\t\t<\/div> \n\t<\/div> <div class=\"wpb_content_element separator  small left  \" style=\"margin-top:15px;margin-bottom:15px;\"><\/div>\n\n\t<div class=\"wpb_text_column wpb_content_element \">\n\t\t<div class=\"wpb_wrapper\">\n\t\t\t\n<p style=\"font-size: 16px; line-height: 150%;\">Dentalna medicina\u00a0\u201culazi\u201d\u00a0u\u00a0obitelj Sambunjak\u00a01951.\u00a0godine\u00a0kada dr. lvan\u00a0Sambunjak zavr\u0161ava\u00a0studij u Zagrebu\u00a0i\u00a0zapo\u010dinje svoju uspje\u0161nu \u010detrdesetogodi\u0161nju karijeru.<\/p>\n<p style=\"font-size: 16px; line-height: 150%;\">Prvo radno mjesto\u00a0nalazi u Senju,\u00a0gdje ostaje oko godinu dana,\u00a0a potom dobiva stalno radno mjesto u stomatolo\u0161koj\u00a0slu\u017ebi\u00a0tada\u0161njeg Doma zdravlja Rijeka,\u00a0gdje na poslovima protetike radi do umirovljenja.<\/p>\n\n\t\t<\/div> \n\t<\/div> \n\t\t<\/div> \n\t<\/div> \n<\/div><div class=\"wpb_content_element separator  normal center  \" style=\"margin-top:0px;margin-bottom:0px;\"><\/div>\n<div  class=\"wpb_row vc_row-fluid\" style=\"text-align:left;\">\n\t<div class=\"vc_span6 wpb_column column_container\">\n\t\t<div class=\"wpb_wrapper\">\n\t\t\t<div class=\"wpb_content_element separator  transparent left  \" style=\"margin-top:10px;margin-bottom:10px;\"><\/div>\n\n\t<div class=\"wpb_text_column wpb_content_element \">\n\t\t<div class=\"wpb_wrapper\">\n\t\t\t\n<h3>1979<\/h3>\n\n\t\t<\/div> \n\t<\/div> <div class=\"wpb_content_element separator  small left  \" style=\"margin-top:15px;margin-bottom:15px;\"><\/div>\n\n\t<div class=\"wpb_text_column wpb_content_element \">\n\t\t<div class=\"wpb_wrapper\">\n\t\t\t\n<p style=\"font-size: 16px; line-height: 150%;\">Dr. Theo Sambunjak, sin dr. lvana, diplomirao je 1979. godine\u00a0na studiju stomatologije pri\u00a0Medicinskom fakultetu Sveu\u010dili\u0161ta u Rijeci,\u00a0u prvoj generaciji studenata koji studij upisuju 1973.\u00a0godine.<\/p>\n<p style=\"font-size: 16px; line-height: 150%;\">Po zavr\u0161enom studiju i pripravni\u010dkom sta\u017eu radi na\u00a0Klinici za oralnu i maksilofacijalnu\u00a0kirurgiju\u00a0u KBC Rijeka do 1989. godine, kada u Dramlju kraj Crikvenice otvara privatnu\u00a0stomatolo\u0161ku ordinaciju.<\/p>\n\n\t\t<\/div> \n\t<\/div> \n\t\t<\/div> \n\t<\/div> \n\n\t<div class=\"vc_span6 wpb_column column_container\">\n\t\t<div class=\"wpb_wrapper\">\n\t\t\t\n\t<div class=\"wpb_gallery wpb_content_element clearfix\">\n\t\t<div class=\"wpb_wrapper\"><div class=\"wpb_gallery_slides wpb_flexslider flexslider_fade flexslider\" data-interval=\"3\" data-flex_fx=\"fade\"><ul class=\"slides\"><li><a class=\"prettyphoto\" href=\"https:\/\/www.dental-sambunjak.hr\/wp-content\/uploads\/2014\/02\/1971-1.jpg\" rel=\"prettyPhoto[rel-2102143354]\"><img src=\"https:\/\/www.dental-sambunjak.hr\/wp-content\/uploads\/2014\/02\/1971-1-550x300.jpg\" width=\"550\" height=\"300\" alt=\"1971-1\" \/><\/a><\/li><li><a class=\"prettyphoto\" href=\"https:\/\/www.dental-sambunjak.hr\/wp-content\/uploads\/2014\/02\/1971-2.jpg\" rel=\"prettyPhoto[rel-2102143354]\"><img src=\"https:\/\/www.dental-sambunjak.hr\/wp-content\/uploads\/2014\/02\/1971-2-550x300.jpg\" width=\"550\" height=\"300\" alt=\"1971-2\" \/><\/a><\/li><\/ul><\/div>\n\t\t<\/div> \n\t<\/div> \n\t\t<\/div> \n\t<\/div> \n<\/div><div class=\"wpb_content_element separator  normal center  \" style=\"margin-top:0px;margin-bottom:0px;\"><\/div>\n<div  class=\"wpb_row vc_row-fluid\" style=\"text-align:left;\">\n\t<div class=\"vc_span6 wpb_column column_container\">\n\t\t<div class=\"wpb_wrapper\">\n\t\t\t\n\t<div class=\"wpb_gallery wpb_content_element clearfix\">\n\t\t<div class=\"wpb_wrapper\"><div class=\"wpb_gallery_slides wpb_flexslider flexslider_fade flexslider\" data-interval=\"3\" data-flex_fx=\"fade\"><ul class=\"slides\"><li><a class=\"prettyphoto\" href=\"https:\/\/www.dental-sambunjak.hr\/wp-content\/uploads\/2014\/02\/2009-1.jpg\" rel=\"prettyPhoto[rel-738012544]\"><img src=\"https:\/\/www.dental-sambunjak.hr\/wp-content\/uploads\/2014\/02\/2009-1-550x300.jpg\" width=\"550\" height=\"300\" alt=\"2009-1\" \/><\/a><\/li><li><a class=\"prettyphoto\" href=\"https:\/\/www.dental-sambunjak.hr\/wp-content\/uploads\/2014\/02\/2009-2.jpg\" rel=\"prettyPhoto[rel-738012544]\"><img src=\"https:\/\/www.dental-sambunjak.hr\/wp-content\/uploads\/2014\/02\/2009-2-550x300.jpg\" width=\"550\" height=\"300\" alt=\"2009-2\" \/><\/a><\/li><\/ul><\/div>\n\t\t<\/div> \n\t<\/div> \n\t\t<\/div> \n\t<\/div> \n\n\t<div class=\"vc_span6 wpb_column column_container\">\n\t\t<div class=\"wpb_wrapper\">\n\t\t\t<div class=\"wpb_content_element separator  transparent left  \" style=\"margin-top:10px;margin-bottom:10px;\"><\/div>\n\n\t<div class=\"wpb_text_column wpb_content_element \">\n\t\t<div class=\"wpb_wrapper\">\n\t\t\t\n<h3>2009<\/h3>\n\n\t\t<\/div> \n\t<\/div> <div class=\"wpb_content_element separator  small left  \" style=\"margin-top:15px;margin-bottom:15px;\"><\/div>\n\n\t<div class=\"wpb_text_column wpb_content_element \">\n\t\t<div class=\"wpb_wrapper\">\n\t\t\t\n<p style=\"font-size: 16px; line-height: 150%;\">Dr. Denis Sambunjak, unuk dr. lvana Sambunjaka i sin dr. Thea Sambunjaka diplomirao je na\u00a0studiju stomatologije 2009. godine na Medicinskom fakultetu Sveu\u010dili\u0161ta u Rijeci i po zavr\u0161enom\u00a0pripravni\u010dkom sta\u017eu ostaje raditi u obiteljskoj ordinaciji.<\/p>\n<p style=\"font-size: 16px; line-height: 150%;\">Tradicija duga vi\u0161e od \u0161ezdeset godina nastavlja se tre\u0107om generacijom doktora dentalne\u00a0medicine, redovitim usavr\u0161avanjem na seminarima, te\u010dajevima i kongresima u zemlji i inozemstvu,\u00a0sa \u017eeljom pru\u017eanja \u0161to bolje usluge na\u0161im pacijentima.<\/p>\n\n\t\t<\/div> \n\t<\/div> \n\t\t<\/div> \n\t<\/div> \n<\/div><div class=\"wpb_content_element separator  normal center  \" style=\"margin-top:0px;margin-bottom:0px;\"><\/div>\n<div  class=\"wpb_row vc_row-fluid\" style=\"text-align:left;\">\n\t<div class=\"vc_span6 wpb_column column_container\">\n\t\t<div class=\"wpb_wrapper\">\n\t\t\t<div class=\"wpb_content_element separator  transparent left  \" style=\"margin-top:10px;margin-bottom:10px;\"><\/div>\n\n\t<div class=\"wpb_text_column wpb_content_element \">\n\t\t<div class=\"wpb_wrapper\">\n\t\t\t\n<h3>2010<\/h3>\n\n\t\t<\/div> \n\t<\/div> <div class=\"wpb_content_element separator  small left  \" style=\"margin-top:15px;margin-bottom:15px;\"><\/div>\n\n\t<div class=\"wpb_text_column wpb_content_element \">\n\t\t<div class=\"wpb_wrapper\">\n\t\t\t\n<p style=\"font-size: 16px; line-height: 150%;\">U lipnju 2010. otvorili smo nove, vrhunski opremljene ordinacije na novoj lokaciji u Klanfarima,\u00a0u prekrasnom ambijentu s pogledom na kvarnerske otoke i rije\u010dki zaljev.<\/p>\n\n\t\t<\/div> \n\t<\/div> \n\t\t<\/div> \n\t<\/div> \n\n\t<div class=\"vc_span6 wpb_column column_container\">\n\t\t<div class=\"wpb_wrapper\">\n\t\t\t\n\t<div class=\"wpb_gallery wpb_content_element clearfix\">\n\t\t<div class=\"wpb_wrapper\"><div class=\"wpb_gallery_slides wpb_flexslider flexslider_fade flexslider\" data-interval=\"3\" data-flex_fx=\"fade\"><ul class=\"slides\"><li><img src=\"https:\/\/www.dental-sambunjak.hr\/wp-content\/uploads\/2014\/02\/2010-1.jpg\" width=\"550\" height=\"300\" alt=\"2010-1\" \/><\/li><li><img src=\"https:\/\/www.dental-sambunjak.hr\/wp-content\/uploads\/2014\/02\/2010-2.jpg\" width=\"550\" height=\"300\" alt=\"2010-2\" \/><\/li><li><img src=\"https:\/\/www.dental-sambunjak.hr\/wp-content\/uploads\/2014\/02\/2010-3.jpg\" width=\"550\" height=\"300\" alt=\"2010-3\" \/><\/li><\/ul><\/div>\n\t\t<\/div> \n\t<\/div> \n\t\t<\/div> \n\t<\/div> \n<\/div><div class=\"wpb_content_element separator  normal center  \" style=\"\"><\/div>\n<blockquote style='border-left-color: #dd3333;'><h4 style=''>Hvala svima koji ve\u0107 dugi niz godina brigu o svom oralnom zdravlju povjeravaju na\u0161oj obitelji i suradnicima.<\/h4><\/blockquote><div class=\"wpb_content_element separator  normal center  \" style=\"margin-top:25px;margin-bottom:150px;\"><\/div>\n\n\t<div class=\"wpb_text_column wpb_content_element \">\n\t\t<div class=\"wpb_wrapper\">\n\t\t\t\n<h2 style=\"text-align: center;\">Stru\u010dni tim<\/h2>\n\n\t\t<\/div> \n\t<\/div> <div class=\"wpb_content_element separator  small center  \" style=\"margin-top:25px;margin-bottom:50px;\"><\/div>\n<div  data-q_id=\"#strucni-tim\" class=\"wpb_row vc_row-fluid\" style=\"text-align:left;\">\n\t<div class=\"vc_span3 wpb_column column_container\">\n\t\t<div class=\"wpb_wrapper\">\n\t\t\t\n\t<div class=\"wpb_single_image wpb_content_element\">\n\t\t<div class=\"wpb_wrapper\">\n\t\t\t\n\t\t\t<img src=\"https:\/\/www.dental-sambunjak.hr\/wp-content\/uploads\/2014\/02\/TheoSambunjak1.jpg\" width=\"280\" height=\"400\" alt=\"Theo Sambunjak\" \/>\n\t\t<\/div> \n\t<\/div> <div class=\"wpb_content_element separator  normal center  \" style=\"\"><\/div>\n\n\t<div class=\"wpb_text_column wpb_content_element \">\n\t\t<div class=\"wpb_wrapper\">\n\t\t\t\n<h4 style=\"text-align: center;\">Theo Sambunjak<\/h4>\n\n\t\t<\/div> \n\t<\/div> \n\t<div class=\"wpb_text_column wpb_content_element \">\n\t\t<div class=\"wpb_wrapper\">\n\t\t\t\n<p style=\"text-align: center;\">Doktor dentalne medicine<\/p>\n<p style=\"text-align: center;\">Voditelj ordinacije<\/p>\n\n\t\t<\/div> \n\t<\/div> \n\t\t<\/div> \n\t<\/div> \n\n\t<div class=\"vc_span3 wpb_column column_container\">\n\t\t<div class=\"wpb_wrapper\">\n\t\t\t\n\t<div class=\"wpb_single_image wpb_content_element\">\n\t\t<div class=\"wpb_wrapper\">\n\t\t\t\n\t\t\t<img src=\"https:\/\/www.dental-sambunjak.hr\/wp-content\/uploads\/2014\/02\/DenisSambunjak-1.jpg\" width=\"280\" height=\"400\" alt=\"Denis Sambunjak\" \/>\n\t\t<\/div> \n\t<\/div> <div class=\"wpb_content_element separator  normal center  \" style=\"\"><\/div>\n\n\t<div class=\"wpb_text_column wpb_content_element \">\n\t\t<div class=\"wpb_wrapper\">\n\t\t\t\n<h4 style=\"text-align: center;\">Denis Sambunjak<\/h4>\n\n\t\t<\/div> \n\t<\/div> \n\t<div class=\"wpb_text_column wpb_content_element \">\n\t\t<div class=\"wpb_wrapper\">\n\t\t\t\n<p style=\"text-align: center;\">Doktor dentalne medicine<\/p>\n\n\t\t<\/div> \n\t<\/div> \n\t\t<\/div> \n\t<\/div> \n\n\t<div class=\"vc_span3 wpb_column column_container\">\n\t\t<div class=\"wpb_wrapper\">\n\t\t\t\n\t<div class=\"wpb_single_image wpb_content_element\">\n\t\t<div class=\"wpb_wrapper\">\n\t\t\t\n\t\t\t<img src=\"https:\/\/www.dental-sambunjak.hr\/wp-content\/uploads\/2014\/02\/JulijanaSimic-1.jpg\" width=\"280\" height=\"400\" alt=\"Julijana Simi\u0107\" \/>\n\t\t<\/div> \n\t<\/div> <div class=\"wpb_content_element separator  normal center  \" style=\"\"><\/div>\n\n\t<div class=\"wpb_text_column wpb_content_element \">\n\t\t<div class=\"wpb_wrapper\">\n\t\t\t\n<h4 style=\"text-align: center;\">Julijana Simi\u0107<\/h4>\n\n\t\t<\/div> \n\t<\/div> \n\t<div class=\"wpb_text_column wpb_content_element \">\n\t\t<div class=\"wpb_wrapper\">\n\t\t\t\n<p style=\"text-align: center;\">Medicinska sestra<\/p>\n\n\t\t<\/div> \n\t<\/div> \n\t\t<\/div> \n\t<\/div> \n\n\t<div class=\"vc_span3 wpb_column column_container\">\n\t\t<div class=\"wpb_wrapper\">\n\t\t\t\n\t<div class=\"wpb_single_image wpb_content_element\">\n\t\t<div class=\"wpb_wrapper\">\n\t\t\t\n\t\t\t<img src=\"https:\/\/www.dental-sambunjak.hr\/wp-content\/uploads\/2014\/02\/DoloresSambunjak.jpg\" width=\"280\" height=\"400\" alt=\"Dolores Sambunjak\" \/>\n\t\t<\/div> \n\t<\/div> <div class=\"wpb_content_element separator  normal center  \" style=\"\"><\/div>\n\n\t<div class=\"wpb_text_column wpb_content_element \">\n\t\t<div class=\"wpb_wrapper\">\n\t\t\t\n<h4 style=\"text-align: center;\">Dolores Sambunjak<\/h4>\n\n\t\t<\/div> \n\t<\/div> \n\t<div class=\"wpb_text_column wpb_content_element \">\n\t\t<div class=\"wpb_wrapper\">\n\t\t\t\n<p style=\"text-align: center;\">Asistentica<\/p>\n\n\t\t<\/div> \n\t<\/div> \n\t\t<\/div> \n\t<\/div> \n<\/div><div class=\"wpb_content_element separator  transparent center  \" style=\"margin-top:50px;margin-bottom:100px;\"><\/div>\n<div  data-q_id=\"#odnos\" class=\"wpb_row vc_row-fluid\" style=\"text-align:left;\">\n\t<div class=\"vc_span12 wpb_column column_container\">\n\t\t<div class=\"wpb_wrapper\">\n\t\t\t\n\t<div class=\"wpb_text_column wpb_content_element \">\n\t\t<div class=\"wpb_wrapper\">\n\t\t\t\n<h2 style=\"text-align: center;\">Na\u0161 odnos prema pacijentu<\/h2>\n\n\t\t<\/div> \n\t<\/div> <div class=\"wpb_content_element separator  small center  \" style=\"margin-top:25px;margin-bottom:25px;\"><\/div>\n\n\t\t<\/div> \n\t<\/div> \n<\/div>\n\t<div class=\"wpb_text_column wpb_content_element \">\n\t\t<div class=\"wpb_wrapper\">\n\t\t\t\n<p style=\"font-size: 16px; line-height: 150%;\">Najve\u0107u mogu\u0107u pozornost, osim u brizi o oralnom zdravlju na\u0161ih pacijenata, posve\u0107ujemo oduvijek i odnosu s pacijentima. Taj je odnos otvoren, srda\u010dan, gotovo \u00a0prijateljski, \u010dime uobi\u010dajenu nelagodu dolaska u ordinaciju umanjujemo na najmanju mogu\u0107u mjeru.<\/p>\n<p style=\"font-size: 16px; line-height: 150%;\">Ve\u0107 pri prvom dolasku, \u017eelimo novom pacijentu pokazati da nam je va\u017ean problem radi kojega dolazi, ali i on kao osoba, jer samim odabirom na\u0161e ordinacije kao mjesta gdje \u017eeli rije\u0161iti svoj problem, daje povjerenje i nama kao ljudima.<\/p>\n\n\t\t<\/div> \n\t<\/div> <div class=\"wpb_content_element separator  transparent center  \" style=\"margin-top:25px;margin-bottom:50px;\"><\/div>\n\n\t\t<\/div> \n\t<\/div> \n<\/div><\/section><\/div>\n","protected":false},"excerpt":{"rendered":"Tradicija koja traje ve\u0107 tri generacije doktora dentalne medicine 1951 Dentalna medicina\u00a0\u201culazi\u201d\u00a0u\u00a0obitelj Sambunjak\u00a01951.\u00a0godine\u00a0kada dr. lvan\u00a0Sambunjak zavr\u0161ava\u00a0studij u Zagrebu\u00a0i\u00a0zapo\u010dinje svoju uspje\u0161nu \u010detrdesetogodi\u0161nju karijeru. Prvo radno mjesto\u00a0nalazi u Senju,\u00a0gdje ostaje oko godinu dana,\u00a0a potom dobiva stalno radno mjesto u stomatolo\u0161koj\u00a0slu\u017ebi\u00a0tada\u0161njeg Doma zdravlja Rijeka,\u00a0gdje na poslovima protetike radi...","protected":false},"author":1,"featured_media":0,"parent":0,"menu_order":0,"comment_status":"open","ping_status":"closed","template":"full_width.php","meta":{"footnotes":""},"_links":{"self":[{"href":"https:\/\/www.dental-sambunjak.hr\/hr\/wp-json\/wp\/v2\/pages\/11"}],"collection":[{"href":"https:\/\/www.dental-sambunjak.hr\/hr\/wp-json\/wp\/v2\/pages"}],"about":[{"href":"https:\/\/www.dental-sambunjak.hr\/hr\/wp-json\/wp\/v2\/types\/page"}],"author":[{"embeddable":true,"href":"https:\/\/www.dental-sambunjak.hr\/hr\/wp-json\/wp\/v2\/users\/1"}],"replies":[{"embeddable":true,"href":"https:\/\/www.dental-sambunjak.hr\/hr\/wp-json\/wp\/v2\/comments?post=11"}],"version-history":[{"count":67,"href":"https:\/\/www.dental-sambunjak.hr\/hr\/wp-json\/wp\/v2\/pages\/11\/revisions"}],"predecessor-version":[{"id":937,"href":"https:\/\/www.dental-sambunjak.hr\/hr\/wp-json\/wp\/v2\/pages\/11\/revisions\/937"}],"wp:attachment":[{"href":"https:\/\/www.dental-sambunjak.hr\/hr\/wp-json\/wp\/v2\/media?parent=11"}],"curies":[{"name":"wp","href":"https:\/\/api.w.org\/{rel}","templated":true}]}}